{"id":1753,"date":"2021-02-26T15:13:43","date_gmt":"2021-02-26T15:13:43","guid":{"rendered":"https:\/\/ocastelo.net\/gracias-por-su-reserva\/"},"modified":"2026-02-21T11:58:47","modified_gmt":"2026-02-21T11:58:47","slug":"gracias-por-su-reserva","status":"publish","type":"page","link":"https:\/\/ocastelo.net\/es\/gracias-por-su-reserva\/","title":{"rendered":"Gracias por su reserva"},"content":{"rendered":"<div id='full_slider_1'  class='avia-fullwidth-slider main_color avia-shadow   avia-builder-el-0  el_before_av_section  avia-builder-el-first   container_wrap fullsize'  ><div  class='avia-slideshow av-kjsmoba3-92fee7daa86447e6d5cde7dcdcefd3d6 avia-slideshow-featured_large av_slideshow_full avia-fade-slider av-slideshow-ui av-control-minimal av-slideshow-autoplay av-loop-endless av-loop-manual-endless av-default-height-applied   avia-slideshow-1' data-slideshow-options=\"{&quot;animation&quot;:&quot;fade&quot;,&quot;autoplay&quot;:true,&quot;loop_autoplay&quot;:&quot;endless&quot;,&quot;interval&quot;:4,&quot;loop_manual&quot;:&quot;manual-endless&quot;,&quot;autoplay_stopper&quot;:false,&quot;noNavigation&quot;:false,&quot;bg_slider&quot;:false,&quot;keep_padding&quot;:false,&quot;hoverpause&quot;:false,&quot;show_slide_delay&quot;:0}\"  itemprop=\"image\" itemscope=\"itemscope\" itemtype=\"https:\/\/schema.org\/ImageObject\" ><ul class='avia-slideshow-inner ' style='padding-bottom: 42%;'><li  class='avia-slideshow-slide av-kjsmoba3-92fee7daa86447e6d5cde7dcdcefd3d6__0  av-single-slide slide-1 slide-odd'><div data-rel='slideshow-1' class='avia-slide-wrap '   ><img decoding=\"async\" class=\"wp-image-1289 avia-img-lazy-loading-not-1289\"  src=\"https:\/\/ocastelo.net\/wp-content\/uploads\/2021\/02\/O-Castelo-Guest-House-Room11-S.jpg\" width=\"1500\" height=\"630\" title='O-Castelo-Guest-House-Room11-S' alt=''  itemprop=\"thumbnailUrl\" srcset=\"https:\/\/ocastelo.net\/wp-content\/uploads\/2021\/02\/O-Castelo-Guest-House-Room11-S.jpg 1500w, https:\/\/ocastelo.net\/wp-content\/uploads\/2021\/02\/O-Castelo-Guest-House-Room11-S-300x126.jpg 300w, https:\/\/ocastelo.net\/wp-content\/uploads\/2021\/02\/O-Castelo-Guest-House-Room11-S-1030x433.jpg 1030w, https:\/\/ocastelo.net\/wp-content\/uploads\/2021\/02\/O-Castelo-Guest-House-Room11-S-768x323.jpg 768w, https:\/\/ocastelo.net\/wp-content\/uploads\/2021\/02\/O-Castelo-Guest-House-Room11-S-705x296.jpg 705w\" sizes=\"(max-width: 1500px) 100vw, 1500px\" \/><\/div><\/li><\/ul><\/div><\/div>\n<div id='av_section_1'  class='avia-section av-8gb2-6a387e77b65abfdb3dfb5a2cbe2017ff main_color avia-section-large avia-no-border-styling  avia-builder-el-1  el_after_av_slideshow_full  el_before_av_section  avia-bg-style-scroll container_wrap fullsize'  ><div class='container av-section-cont-open' ><div class='template-page content  av-content-full alpha units'><div class='post-entry post-entry-type-page post-entry-1753'><div class='entry-content-wrapper clearfix'>\n\n<style type=\"text\/css\" data-created_by=\"avia_inline_auto\" id=\"style-css-av-kkmb812n-a67ed0f67eaaafe7e20f98bf72785d5c\">\n.flex_column.av-kkmb812n-a67ed0f67eaaafe7e20f98bf72785d5c{\n-webkit-border-radius:0px 0px 0px 0px;\n-moz-border-radius:0px 0px 0px 0px;\nborder-radius:0px 0px 0px 0px;\npadding:0px 0px 0px 0px;\n}\n<\/style>\n<div class='flex_column av-kkmb812n-a67ed0f67eaaafe7e20f98bf72785d5c av_one_full  avia-builder-el-2  el_before_av_three_fifth  avia-builder-el-first  first flex_column_div av-zero-column-padding '     ><section  class='av_textblock_section av-kiei5oto-96aaaf94a3d5c644d08621c2404a2c64'  itemscope=\"itemscope\" itemtype=\"https:\/\/schema.org\/CreativeWork\" ><div class='avia_textblock'  itemprop=\"text\" ><h1 style=\"text-align: left;\">RESERVA <strong>CONFIRMADA <\/strong><\/h1>\n<\/div><\/section><\/div>\n<style type=\"text\/css\" data-created_by=\"avia_inline_auto\" id=\"style-css-av-223u-070d67692d775ede15dc84dd8b774063\">\n#top .flex_column.av-223u-070d67692d775ede15dc84dd8b774063{\nmargin-top:0px;\nmargin-bottom:0px;\n}\n.flex_column.av-223u-070d67692d775ede15dc84dd8b774063{\n-webkit-border-radius:0px 0px 0px 0px;\n-moz-border-radius:0px 0px 0px 0px;\nborder-radius:0px 0px 0px 0px;\npadding:0px 0px 0px 0px;\n}\n.responsive #top #wrap_all .flex_column.av-223u-070d67692d775ede15dc84dd8b774063{\nmargin-top:0px;\nmargin-bottom:0px;\n}\n<\/style>\n<div class='flex_column av-223u-070d67692d775ede15dc84dd8b774063 av_three_fifth  avia-builder-el-4  el_after_av_one_full  el_before_av_two_fifth  first flex_column_div av-zero-column-padding column-top-margin'     id=\"roomdesc\"  ><p><section  class='av_textblock_section av-kiei5oto-96aaaf94a3d5c644d08621c2404a2c64'  itemscope=\"itemscope\" itemtype=\"https:\/\/schema.org\/CreativeWork\" ><div class='avia_textblock'  itemprop=\"text\" ><p>Gracias por elegir O&#8217;Castelo Guesthouse durante su estancia en Carvoeiro. Esperamos darle la bienvenida pronto y ayudarle a pasar unas maravillosas vacaciones en el Algarve.<\/p>\n<p>En breve recibir\u00e1 por correo electr\u00f3nico la confirmaci\u00f3n de su reserva. Mientras espera, por qu\u00e9 no hacer sus vacaciones a\u00fan m\u00e1s especiales a\u00f1adiendo una de nuestras <a href=\"https:\/\/ocastelo.net\/experiences\/\"> experiencias locales<\/a>.<\/p>\n<p>Por favor, complete este formulario seleccionando qu\u00e9 experiencias le interesan y nos pondremos en contacto con usted para coordinarlo.<\/p>\n<\/div><\/section><br \/>\n<form action=\"https:\/\/ocastelo.net\/es\/gracias-por-su-reserva\/\" method=\"post\"  class=\"avia_ajax_form av-form-labels-hidden   avia-builder-el-6  el_after_av_textblock  avia-builder-el-last   \" data-avia-form-id=\"1\" data-avia-redirect='' ><fieldset><p class='  first_form  form_element form_fullwidth' id='element_avia_1_1'><label for=\"avia_1_1\">El nombre de su reserva <abbr class=\"required\" title=\"requerido\">*<\/abbr><\/label> <input name=\"avia_1_1\" class=\"text_input is_empty\" type=\"text\" id=\"avia_1_1\" value=\"\"  placeholder='El nombre de su reserva*'\/><\/p><p class='  first_form  form_element form_fullwidth' id='element_avia_2_1'><label for=\"avia_2_1\">Su correo electr\u00f3nico de reserva <abbr class=\"required\" title=\"requerido\">*<\/abbr><\/label> <input name=\"avia_2_1\" class=\"text_input is_email\" type=\"text\" id=\"avia_2_1\" value=\"\"  placeholder='Su correo electr\u00f3nico de reserva*'\/><\/p><p class='  first_form  form_element form_fullwidth' id='element_avia_3_1'><input  name=\"avia_3_1\" class=\"input_checkbox \" type=\"checkbox\" id=\"avia_3_1\" value=\"true\"\/><label class=\"input_checkbox_label\" for=\"avia_3_1\">Paseo en barco Praia da Marinha y Cuevas de Benagil<\/label><\/p><p class='  first_form  form_element form_fullwidth' id='element_avia_4_1'><input  name=\"avia_4_1\" class=\"input_checkbox \" type=\"checkbox\" id=\"avia_4_1\" value=\"true\"\/><label class=\"input_checkbox_label\" for=\"avia_4_1\">Excursi\u00f3n privada a Benagil y Marinha<\/label><\/p><p class='  first_form  form_element form_fullwidth' id='element_avia_5_1'><input  name=\"avia_5_1\" class=\"input_checkbox \" type=\"checkbox\" id=\"avia_5_1\" value=\"true\"\/><label class=\"input_checkbox_label\" for=\"avia_5_1\">Paseo en barco Cuevas y Delfines<\/label><\/p><p class='  first_form  form_element form_fullwidth' id='element_avia_6_1'><input  name=\"avia_6_1\" class=\"input_checkbox \" type=\"checkbox\" id=\"avia_6_1\" value=\"true\"\/><label class=\"input_checkbox_label\" for=\"avia_6_1\">Paseo en barco Observati\u00f3n de Delfines<\/label><\/p><p class='  first_form  form_element form_fullwidth' id='element_avia_7_1'><input  name=\"avia_7_1\" class=\"input_checkbox \" type=\"checkbox\" id=\"avia_7_1\" value=\"true\"\/><label class=\"input_checkbox_label\" for=\"avia_7_1\">Paseo en Kayak Cuevas de Benagil<\/label><\/p><p class='  first_form  form_element form_fullwidth' id='element_avia_8_1'><input  name=\"avia_8_1\" class=\"input_checkbox \" type=\"checkbox\" id=\"avia_8_1\" value=\"true\"\/><label class=\"input_checkbox_label\" for=\"avia_8_1\">SUP Benagil<\/label><\/p><p class='  first_form  form_element form_fullwidth av-last-visible-form-element' id='element_avia_9_1'><label for=\"avia_9_1\" class=\"textare_label hidden textare_label_avia_9_1\">Mensaje <abbr class=\"required\" title=\"requerido\">*<\/abbr><\/label><textarea  placeholder='Mensaje*' name=\"avia_9_1\" class=\"text_area is_empty\" cols=\"40\" rows=\"7\" id=\"avia_9_1\" ><\/textarea><\/p><p class=\"hidden\"><input type=\"text\" name=\"avia_10_1\" class=\"hidden \" id=\"avia_10_1\" value=\"\" \/><\/p><p class=\"form_element \"><input type=\"hidden\" value=\"1\" name=\"avia_generated_form1\" \/><input type=\"submit\" value=\"Enviar\" class=\"button\"  data-sending-label=\"Enviando\"\/><\/p><\/fieldset><\/form><div id=\"ajaxresponse_1\" class=\"ajaxresponse ajaxresponse_1 hidden\"><\/div><\/p><\/div>\n<style type=\"text\/css\" data-created_by=\"avia_inline_auto\" id=\"style-css-av-i9aa-e2e2deb0b4e30a8c5ad85110d622b1b1\">\n#top .flex_column.av-i9aa-e2e2deb0b4e30a8c5ad85110d622b1b1{\nmargin-top:0px;\nmargin-bottom:0px;\n}\n.flex_column.av-i9aa-e2e2deb0b4e30a8c5ad85110d622b1b1{\n-webkit-border-radius:0px 0px 0px 0px;\n-moz-border-radius:0px 0px 0px 0px;\nborder-radius:0px 0px 0px 0px;\npadding:0px 0px 0px 0px;\n}\n.responsive #top #wrap_all .flex_column.av-i9aa-e2e2deb0b4e30a8c5ad85110d622b1b1{\nmargin-top:0px;\nmargin-bottom:0px;\n}\n<\/style>\n<div class='flex_column av-i9aa-e2e2deb0b4e30a8c5ad85110d622b1b1 av_two_fifth  avia-builder-el-7  el_after_av_three_fifth  avia-builder-el-last  flex_column_div av-zero-column-padding column-top-margin'     id=\"availabilitybox\"  ><\/div><\/div><\/div><\/div><!-- close content main div --><\/div><\/div>\n<style type=\"text\/css\" data-created_by=\"avia_inline_auto\" id=\"style-css-av-kkmdntoo-5bbfbb63e55837a3bf665fdbd875eef3\">\n.avia-section.av-kkmdntoo-5bbfbb63e55837a3bf665fdbd875eef3{\nbackground-repeat:no-repeat;\nbackground-image:url(https:\/\/ocastelo.net\/wp-content\/uploads\/2020\/12\/Algarve-Caves-Begail-Ferragudo-Side-1941.jpg);\nbackground-position:50% 50%;\nbackground-attachment:scroll;\n}\n.avia-section.av-kkmdntoo-5bbfbb63e55837a3bf665fdbd875eef3 .av-section-color-overlay{\nopacity:0.5;\nbackground-color:#0a0a0a;\n}\n<\/style>\n<div id='av_section_2'  class='avia-section av-kkmdntoo-5bbfbb63e55837a3bf665fdbd875eef3 main_color avia-section-default avia-no-border-styling  avia-builder-el-8  el_after_av_section  avia-builder-el-last  avia-full-stretch avia-bg-style-scroll av-section-color-overlay-active av-minimum-height av-minimum-height-50  container_wrap fullsize'  data-section-bg-repeat='stretch' data-av_minimum_height_pc='50'><div class=\"av-section-color-overlay-wrap\"><div class=\"av-section-color-overlay\"><\/div><div class='container av-section-cont-open' ><div class='template-page content  av-content-full alpha units'><div class='post-entry post-entry-type-page post-entry-1753'><div class='entry-content-wrapper clearfix'>\n\n<style type=\"text\/css\" data-created_by=\"avia_inline_auto\" id=\"style-css-av-kiei5oto-14a83be829b1b0037fe34bd6825f78ea\">\n#top .av_textblock_section.av-kiei5oto-14a83be829b1b0037fe34bd6825f78ea .avia_textblock{\ncolor:#ffffff;\n}\n<\/style>\n<section  class='av_textblock_section av-kiei5oto-14a83be829b1b0037fe34bd6825f78ea'  itemscope=\"itemscope\" itemtype=\"https:\/\/schema.org\/CreativeWork\" ><div class='avia_textblock av_inherit_color'  itemprop=\"text\" ><h2 style=\"text-align: center;\">DESCUBRA CARVOEIRO<\/h2>\n<\/div><\/section>\n<div  class='avia-buttonrow-wrap av-kkmdr8v2-8ec4bd1b2814918bcabaab454106c526 avia-buttonrow-center  avia-builder-el-10  el_after_av_textblock  avia-builder-el-last '>\n\n<style type=\"text\/css\" data-created_by=\"avia_inline_auto\" id=\"style-css-av-df9hy-a8b9a720443404bf7c409c020e555b70\">\n#top #wrap_all .avia-button.av-df9hy-a8b9a720443404bf7c409c020e555b70{\nmargin-bottom:5px;\nmargin-right:3px;\nmargin-left:3px;\n}\n<\/style>\n<a href='https:\/\/ocastelo.net\/en\/experiences\/'  class='avia-button av-df9hy-a8b9a720443404bf7c409c020e555b70 avia-icon_select-yes-right-icon avia-size-medium avia-color-light'  ><span class='avia_iconbox_title' >Experiencias<\/span><span class='avia_button_icon avia_button_icon_right' aria-hidden='true' data-av_icon='\ue879' data-av_iconfont='entypo-fontello'><\/span><\/a>\n\n<style type=\"text\/css\" data-created_by=\"avia_inline_auto\" id=\"style-css-av-avwx2-c4e9489b7b3b48b20586dcc0b66c3dd7\">\n#top #wrap_all .avia-button.av-avwx2-c4e9489b7b3b48b20586dcc0b66c3dd7{\nmargin-bottom:5px;\nmargin-right:3px;\nmargin-left:3px;\n}\n<\/style>\n<a href='https:\/\/ocastelo.net\/en\/location\/'  class='avia-button av-avwx2-c4e9489b7b3b48b20586dcc0b66c3dd7 avia-icon_select-yes-right-icon avia-size-medium avia-color-light'  ><span class='avia_iconbox_title' >Ocupaciones<\/span><span class='avia_button_icon avia_button_icon_right' aria-hidden='true' data-av_icon='\ue879' data-av_iconfont='entypo-fontello'><\/span><\/a>\n<\/div>\n<\/p>\n","protected":false},"excerpt":{"rendered":"","protected":false},"author":1,"featured_media":0,"parent":0,"menu_order":0,"comment_status":"closed","ping_status":"closed","template":"","meta":{"footnotes":""},"class_list":["post-1753","page","type-page","status-publish","hentry"],"yoast_head":"<!-- This site is optimized with the Yoast SEO plugin v27.3 - https:\/\/yoast.com\/product\/yoast-seo-wordpress\/ -->\n<title>Gracias por su reserva - O Castelo Guest House<\/title>\n<meta name=\"robots\" content=\"index, follow, max-snippet:-1, max-image-preview:large, max-video-preview:-1\" \/>\n<link rel=\"canonical\" href=\"https:\/\/ocastelo.net\/es\/gracias-por-su-reserva\/\" \/>\n<meta property=\"og:locale\" content=\"es_ES\" \/>\n<meta property=\"og:type\" content=\"article\" \/>\n<meta property=\"og:title\" content=\"Gracias por su reserva - O Castelo Guest House\" \/>\n<meta property=\"og:url\" content=\"https:\/\/ocastelo.net\/es\/gracias-por-su-reserva\/\" \/>\n<meta property=\"og:site_name\" content=\"O Castelo Guest House\" \/>\n<meta property=\"article:modified_time\" content=\"2026-02-21T11:58:47+00:00\" \/>\n<meta name=\"twitter:card\" content=\"summary_large_image\" \/>\n<meta name=\"twitter:label1\" content=\"Tiempo de lectura\" \/>\n\t<meta name=\"twitter:data1\" content=\"1 minuto\" \/>\n<script type=\"application\/ld+json\" class=\"yoast-schema-graph\">{\"@context\":\"https:\\\/\\\/schema.org\",\"@graph\":[{\"@type\":\"WebPage\",\"@id\":\"https:\\\/\\\/ocastelo.net\\\/es\\\/gracias-por-su-reserva\\\/\",\"url\":\"https:\\\/\\\/ocastelo.net\\\/es\\\/gracias-por-su-reserva\\\/\",\"name\":\"Gracias por su reserva - O Castelo Guest House\",\"isPartOf\":{\"@id\":\"https:\\\/\\\/ocastelo.net\\\/es\\\/#website\"},\"datePublished\":\"2021-02-26T15:13:43+00:00\",\"dateModified\":\"2026-02-21T11:58:47+00:00\",\"breadcrumb\":{\"@id\":\"https:\\\/\\\/ocastelo.net\\\/es\\\/gracias-por-su-reserva\\\/#breadcrumb\"},\"inLanguage\":\"es\",\"potentialAction\":[{\"@type\":\"ReadAction\",\"target\":[\"https:\\\/\\\/ocastelo.net\\\/es\\\/gracias-por-su-reserva\\\/\"]}]},{\"@type\":\"BreadcrumbList\",\"@id\":\"https:\\\/\\\/ocastelo.net\\\/es\\\/gracias-por-su-reserva\\\/#breadcrumb\",\"itemListElement\":[{\"@type\":\"ListItem\",\"position\":1,\"name\":\"Home\",\"item\":\"https:\\\/\\\/ocastelo.net\\\/es\\\/\"},{\"@type\":\"ListItem\",\"position\":2,\"name\":\"Gracias por su reserva\"}]},{\"@type\":\"WebSite\",\"@id\":\"https:\\\/\\\/ocastelo.net\\\/es\\\/#website\",\"url\":\"https:\\\/\\\/ocastelo.net\\\/es\\\/\",\"name\":\"O Castelo Guest House\",\"description\":\"Boutique B&amp;B overlooking Carvoeiro Beach, Algarve, Portugal\",\"potentialAction\":[{\"@type\":\"SearchAction\",\"target\":{\"@type\":\"EntryPoint\",\"urlTemplate\":\"https:\\\/\\\/ocastelo.net\\\/es\\\/?s={search_term_string}\"},\"query-input\":{\"@type\":\"PropertyValueSpecification\",\"valueRequired\":true,\"valueName\":\"search_term_string\"}}],\"inLanguage\":\"es\"}]}<\/script>\n<!-- \/ Yoast SEO plugin. -->","yoast_head_json":{"title":"Gracias por su reserva - O Castelo Guest House","robots":{"index":"index","follow":"follow","max-snippet":"max-snippet:-1","max-image-preview":"max-image-preview:large","max-video-preview":"max-video-preview:-1"},"canonical":"https:\/\/ocastelo.net\/es\/gracias-por-su-reserva\/","og_locale":"es_ES","og_type":"article","og_title":"Gracias por su reserva - O Castelo Guest House","og_url":"https:\/\/ocastelo.net\/es\/gracias-por-su-reserva\/","og_site_name":"O Castelo Guest House","article_modified_time":"2026-02-21T11:58:47+00:00","twitter_card":"summary_large_image","twitter_misc":{"Tiempo de lectura":"1 minuto"},"schema":{"@context":"https:\/\/schema.org","@graph":[{"@type":"WebPage","@id":"https:\/\/ocastelo.net\/es\/gracias-por-su-reserva\/","url":"https:\/\/ocastelo.net\/es\/gracias-por-su-reserva\/","name":"Gracias por su reserva - O Castelo Guest House","isPartOf":{"@id":"https:\/\/ocastelo.net\/es\/#website"},"datePublished":"2021-02-26T15:13:43+00:00","dateModified":"2026-02-21T11:58:47+00:00","breadcrumb":{"@id":"https:\/\/ocastelo.net\/es\/gracias-por-su-reserva\/#breadcrumb"},"inLanguage":"es","potentialAction":[{"@type":"ReadAction","target":["https:\/\/ocastelo.net\/es\/gracias-por-su-reserva\/"]}]},{"@type":"BreadcrumbList","@id":"https:\/\/ocastelo.net\/es\/gracias-por-su-reserva\/#breadcrumb","itemListElement":[{"@type":"ListItem","position":1,"name":"Home","item":"https:\/\/ocastelo.net\/es\/"},{"@type":"ListItem","position":2,"name":"Gracias por su reserva"}]},{"@type":"WebSite","@id":"https:\/\/ocastelo.net\/es\/#website","url":"https:\/\/ocastelo.net\/es\/","name":"O Castelo Guest House","description":"Boutique B&amp;B overlooking Carvoeiro Beach, Algarve, Portugal","potentialAction":[{"@type":"SearchAction","target":{"@type":"EntryPoint","urlTemplate":"https:\/\/ocastelo.net\/es\/?s={search_term_string}"},"query-input":{"@type":"PropertyValueSpecification","valueRequired":true,"valueName":"search_term_string"}}],"inLanguage":"es"}]}},"_links":{"self":[{"href":"https:\/\/ocastelo.net\/es\/wp-json\/wp\/v2\/pages\/1753","targetHints":{"allow":["GET"]}}],"collection":[{"href":"https:\/\/ocastelo.net\/es\/wp-json\/wp\/v2\/pages"}],"about":[{"href":"https:\/\/ocastelo.net\/es\/wp-json\/wp\/v2\/types\/page"}],"author":[{"embeddable":true,"href":"https:\/\/ocastelo.net\/es\/wp-json\/wp\/v2\/users\/1"}],"replies":[{"embeddable":true,"href":"https:\/\/ocastelo.net\/es\/wp-json\/wp\/v2\/comments?post=1753"}],"version-history":[{"count":8,"href":"https:\/\/ocastelo.net\/es\/wp-json\/wp\/v2\/pages\/1753\/revisions"}],"predecessor-version":[{"id":3312,"href":"https:\/\/ocastelo.net\/es\/wp-json\/wp\/v2\/pages\/1753\/revisions\/3312"}],"wp:attachment":[{"href":"https:\/\/ocastelo.net\/es\/wp-json\/wp\/v2\/media?parent=1753"}],"curies":[{"name":"wp","href":"https:\/\/api.w.org\/{rel}","templated":true}]}}