{"id":1891,"date":"2021-02-26T15:28:01","date_gmt":"2021-02-26T15:28:01","guid":{"rendered":"https:\/\/ocastelo.net\/hotel-que-admite-perros-algarve-carvoeiro-para-mascotas\/"},"modified":"2021-09-25T13:50:05","modified_gmt":"2021-09-25T13:50:05","slug":"hotel-que-admite-perros-algarve-carvoeiro-para-mascotas","status":"publish","type":"page","link":"https:\/\/ocastelo.net\/es\/hotel-que-admite-perros-algarve-carvoeiro-para-mascotas\/","title":{"rendered":"Hotel que admite perros Algarve, Carvoeiro para mascotas"},"content":{"rendered":"<div id='full_slider_1'  class='avia-fullwidth-slider main_color avia-shadow   avia-builder-el-0  el_before_av_section  avia-builder-el-first   container_wrap fullsize'  ><div  class='avia-slideshow av-kjsmoba3-92fee7daa86447e6d5cde7dcdcefd3d6 avia-slideshow-featured_large av_slideshow_full avia-fade-slider av-slideshow-ui av-control-minimal av-slideshow-autoplay av-loop-endless av-loop-manual-endless av-default-height-applied   avia-slideshow-1' data-slideshow-options=\"{&quot;animation&quot;:&quot;fade&quot;,&quot;autoplay&quot;:true,&quot;loop_autoplay&quot;:&quot;endless&quot;,&quot;interval&quot;:4,&quot;loop_manual&quot;:&quot;manual-endless&quot;,&quot;autoplay_stopper&quot;:false,&quot;noNavigation&quot;:false,&quot;bg_slider&quot;:false,&quot;keep_padding&quot;:false,&quot;hoverpause&quot;:false,&quot;show_slide_delay&quot;:0}\"  itemprop=\"image\" itemscope=\"itemscope\" itemtype=\"https:\/\/schema.org\/ImageObject\" ><ul class='avia-slideshow-inner ' style='padding-bottom: 42%;'><li  class='avia-slideshow-slide av-kjsmoba3-92fee7daa86447e6d5cde7dcdcefd3d6__0  av-single-slide slide-1 slide-odd'><div data-rel='slideshow-1' class='avia-slide-wrap '   ><img decoding=\"async\" class=\"wp-image-1324 avia-img-lazy-loading-not-1324\"  src=\"https:\/\/ocastelo.net\/wp-content\/uploads\/2021\/02\/About-Castelo.jpg\" width=\"1500\" height=\"630\" title='About-Castelo' alt=''  itemprop=\"thumbnailUrl\" srcset=\"https:\/\/ocastelo.net\/wp-content\/uploads\/2021\/02\/About-Castelo.jpg 1500w, https:\/\/ocastelo.net\/wp-content\/uploads\/2021\/02\/About-Castelo-300x126.jpg 300w, https:\/\/ocastelo.net\/wp-content\/uploads\/2021\/02\/About-Castelo-1030x433.jpg 1030w, https:\/\/ocastelo.net\/wp-content\/uploads\/2021\/02\/About-Castelo-768x323.jpg 768w, https:\/\/ocastelo.net\/wp-content\/uploads\/2021\/02\/About-Castelo-705x296.jpg 705w\" sizes=\"(max-width: 1500px) 100vw, 1500px\" \/><\/div><\/li><\/ul><\/div><\/div>\n<div id='av_section_1'  class='avia-section av-8gb2-6a387e77b65abfdb3dfb5a2cbe2017ff main_color avia-section-large avia-no-border-styling  avia-builder-el-1  el_after_av_slideshow_full  el_before_av_section  avia-bg-style-scroll container_wrap fullsize'  ><div class='container av-section-cont-open' ><div class='template-page content  av-content-full alpha units'><div class='post-entry post-entry-type-page post-entry-1891'><div class='entry-content-wrapper clearfix'>\n\n<style type=\"text\/css\" data-created_by=\"avia_inline_auto\" id=\"style-css-av-kkmb812n-a67ed0f67eaaafe7e20f98bf72785d5c\">\n.flex_column.av-kkmb812n-a67ed0f67eaaafe7e20f98bf72785d5c{\n-webkit-border-radius:0px 0px 0px 0px;\n-moz-border-radius:0px 0px 0px 0px;\nborder-radius:0px 0px 0px 0px;\npadding:0px 0px 0px 0px;\n}\n<\/style>\n<div class='flex_column av-kkmb812n-a67ed0f67eaaafe7e20f98bf72785d5c av_one_full  avia-builder-el-2  el_before_av_three_fifth  avia-builder-el-first  first flex_column_div av-zero-column-padding '     ><section  class='av_textblock_section av-kiei5oto-96aaaf94a3d5c644d08621c2404a2c64'  itemscope=\"itemscope\" itemtype=\"https:\/\/schema.org\/CreativeWork\" ><div class='avia_textblock'  itemprop=\"text\" ><h1 style=\"text-align: left;\"><strong>MASCOTAS<\/strong><\/h1>\n<\/div><\/section><\/div>\n<style type=\"text\/css\" data-created_by=\"avia_inline_auto\" id=\"style-css-av-223u-070d67692d775ede15dc84dd8b774063\">\n#top .flex_column.av-223u-070d67692d775ede15dc84dd8b774063{\nmargin-top:0px;\nmargin-bottom:0px;\n}\n.flex_column.av-223u-070d67692d775ede15dc84dd8b774063{\n-webkit-border-radius:0px 0px 0px 0px;\n-moz-border-radius:0px 0px 0px 0px;\nborder-radius:0px 0px 0px 0px;\npadding:0px 0px 0px 0px;\n}\n.responsive #top #wrap_all .flex_column.av-223u-070d67692d775ede15dc84dd8b774063{\nmargin-top:0px;\nmargin-bottom:0px;\n}\n<\/style>\n<div class='flex_column av-223u-070d67692d775ede15dc84dd8b774063 av_three_fifth  avia-builder-el-4  el_after_av_one_full  el_before_av_two_fifth  first flex_column_div av-zero-column-padding column-top-margin'     id=\"roomdesc\"  ><section  class='av_textblock_section av-kiei5oto-96aaaf94a3d5c644d08621c2404a2c64'  itemscope=\"itemscope\" itemtype=\"https:\/\/schema.org\/CreativeWork\" ><div class='avia_textblock'  itemprop=\"text\" ><p>Si le gusta viajar con su mejor amigo, sepa que las mascotas bien educadas siempre son bienvenidas en O Castelo Guest House, un alojamiento con encanto, ubicado en la playa de Carvoeiro en el Algarve.<\/p>\n<p>Puede pasear a su perro por los fant\u00e1sticos senderos de los acantilados o en las playas que permiten el acceso a su mejor amigo, como es el caso de Praia do Para\u00edso, a menos de 5 minutos.<\/p>\n<p>Para una mejor experiencia &#8211; suya y la de los dem\u00e1s hu\u00e9spedes, las mascotas no deben permanecer en las \u00e1reas comunes. Solo se acepta una mascota de tama\u00f1o peque\u00f1o a mediano\/ habitaci\u00f3n.<\/p>\n<p>Los propietarios son responsables del bienestar de sus mascotas y de los da\u00f1os causados, as\u00ed que aseg\u00farate de equipar a tu amigo de cuatro patas con todo el material necesario para su comodidad.<\/p>\n<p>\u00abPara mascotas de menos de 12 kg no hay ning\u00fan cargo adicional, mientras que para las mascotas de m\u00e1s de 12 kg se aplica un cargo de 5\u20ac\/ noche. Puede seleccionar estas opciones al completar su reserva, seleccionando la opci\u00f3n de mascotas correspondiente durante el proceso. Lo sentimos, pero tenemos restricciones para aceptar animales de m\u00e1s de 25 kg, por lo que, si ese es el caso, debe consultarnos.\u00bb<\/p>\n<p>Todos los hu\u00e9spedes que viajen con mascotas deben reservar directamente, seleccionando la opci\u00f3n en el sistema de reserva para \u00abMascotas\u00bb.<\/p>\n<p>Comun\u00edquese con nosotros si tiene m\u00e1s preguntas. \u00a1Esperamos darle la bienvenida a usted y a su amigo de cuatro patas pronto!<\/p>\n<\/div><\/section><\/div>\n<style type=\"text\/css\" data-created_by=\"avia_inline_auto\" id=\"style-css-av-i9aa-e2e2deb0b4e30a8c5ad85110d622b1b1\">\n#top .flex_column.av-i9aa-e2e2deb0b4e30a8c5ad85110d622b1b1{\nmargin-top:0px;\nmargin-bottom:0px;\n}\n.flex_column.av-i9aa-e2e2deb0b4e30a8c5ad85110d622b1b1{\n-webkit-border-radius:0px 0px 0px 0px;\n-moz-border-radius:0px 0px 0px 0px;\nborder-radius:0px 0px 0px 0px;\npadding:0px 0px 0px 0px;\n}\n.responsive #top #wrap_all .flex_column.av-i9aa-e2e2deb0b4e30a8c5ad85110d622b1b1{\nmargin-top:0px;\nmargin-bottom:0px;\n}\n<\/style>\n<div class='flex_column av-i9aa-e2e2deb0b4e30a8c5ad85110d622b1b1 av_two_fifth  avia-builder-el-6  el_after_av_three_fifth  avia-builder-el-last  flex_column_div av-zero-column-padding column-top-margin'     id=\"availabilitybox\"  ><\/div><\/div><\/div><\/div><!-- close content main div --><\/div><\/div>\n<style type=\"text\/css\" data-created_by=\"avia_inline_auto\" id=\"style-css-av-kkmdntoo-1d93f328b852787ac3f00cfd4df9ab09\">\n.avia-section.av-kkmdntoo-1d93f328b852787ac3f00cfd4df9ab09{\nbackground-repeat:no-repeat;\nbackground-image:url(https:\/\/ocastelo.net\/wp-content\/uploads\/2021\/02\/O-Castelo-Guesthouse-R-5-DSVT-011.jpg);\nbackground-position:50% 50%;\nbackground-attachment:scroll;\n}\n.avia-section.av-kkmdntoo-1d93f328b852787ac3f00cfd4df9ab09 .av-section-color-overlay{\nopacity:0.5;\nbackground-color:#0a0a0a;\n}\n<\/style>\n<div id='av_section_2'  class='avia-section av-kkmdntoo-1d93f328b852787ac3f00cfd4df9ab09 main_color avia-section-default avia-no-border-styling  avia-builder-el-7  el_after_av_section  avia-builder-el-last  avia-full-stretch avia-bg-style-scroll av-section-color-overlay-active av-minimum-height av-minimum-height-50  container_wrap fullsize'  data-section-bg-repeat='stretch' data-av_minimum_height_pc='50'><div class=\"av-section-color-overlay-wrap\"><div class=\"av-section-color-overlay\"><\/div><div class='container av-section-cont-open' ><div class='template-page content  av-content-full alpha units'><div class='post-entry post-entry-type-page post-entry-1891'><div class='entry-content-wrapper clearfix'>\n\n<style type=\"text\/css\" data-created_by=\"avia_inline_auto\" id=\"style-css-av-kiei5oto-f0cbd4d834236d07dbaf26a24ef1b8f6\">\n#top .av_textblock_section.av-kiei5oto-f0cbd4d834236d07dbaf26a24ef1b8f6 .avia_textblock{\ncolor:#ffffff;\n}\n<\/style>\n<section  class='av_textblock_section av-kiei5oto-f0cbd4d834236d07dbaf26a24ef1b8f6'  itemscope=\"itemscope\" itemtype=\"https:\/\/schema.org\/CreativeWork\" ><div class='avia_textblock av_inherit_color'  itemprop=\"text\" ><h2 style=\"text-align: center;\">Encuentra tu <strong>Habitaci\u00f3n perfecta<\/strong><\/h2>\n<\/div><\/section>\n<div  class='avia-buttonrow-wrap av-kkmdr8v2-8ec4bd1b2814918bcabaab454106c526 avia-buttonrow-center  avia-builder-el-9  el_after_av_textblock  avia-builder-el-last '>\n\n<style type=\"text\/css\" data-created_by=\"avia_inline_auto\" id=\"style-css-av-fhsdh-5c968a42deb6ab3f7da70b748198ea72\">\n#top #wrap_all .avia-button.av-fhsdh-5c968a42deb6ab3f7da70b748198ea72{\nmargin-bottom:5px;\nmargin-right:3px;\nmargin-left:3px;\n}\n<\/style>\n<a href='https:\/\/ocastelo.net\/es\/habitaciones-y-suites\/'  class='avia-button av-fhsdh-5c968a42deb6ab3f7da70b748198ea72 avia-icon_select-yes-right-icon avia-size-medium avia-color-light'  ><span class='avia_iconbox_title' >Ver todos los tipos de habitaciones<\/span><span class='avia_button_icon avia_button_icon_right' aria-hidden='true' data-av_icon='\ue879' data-av_iconfont='entypo-fontello'><\/span><\/a>\n\n<style type=\"text\/css\" data-created_by=\"avia_inline_auto\" id=\"style-css-av-bv5fx-2019dbf0d45e3c96014326509fe7259d\">\n#top #wrap_all .avia-button.av-bv5fx-2019dbf0d45e3c96014326509fe7259d{\nmargin-bottom:5px;\nmargin-right:3px;\nmargin-left:3px;\n}\n<\/style>\n<a href='https:\/\/booking.roomraccoon.pt\/casteloguesthouse\/es\/' class='avia-button av-bv5fx-2019dbf0d45e3c96014326509fe7259d avia-icon_select-yes-right-icon avia-size-medium avia-color-light' target=\"_blank\" rel=\"noopener noreferrer\"><span class='avia_iconbox_title' >Reservar ahora<\/span><span class='avia_button_icon avia_button_icon_right' aria-hidden='true' data-av_icon='\ue879' data-av_iconfont='entypo-fontello'><\/span><\/a>\n<\/div>\n<\/p>\n","protected":false},"excerpt":{"rendered":"","protected":false},"author":1,"featured_media":1254,"parent":0,"menu_order":0,"comment_status":"closed","ping_status":"closed","template":"","meta":{"footnotes":""},"class_list":["post-1891","page","type-page","status-publish","has-post-thumbnail","hentry"],"yoast_head":"<!-- This site is optimized with the Yoast SEO plugin v27.4 - https:\/\/yoast.com\/product\/yoast-seo-wordpress\/ -->\n<title>Hotel que admite perros Algarve, Carvoeiro para mascotas - O Castelo Guest House<\/title>\n<meta name=\"description\" content=\"O Castelo Guest House es un hotel que acepta mascotas y perros en el Algarve, ubicado en Carvoeiro, a pocos segundos de la hermosa playa.\" \/>\n<meta name=\"robots\" content=\"index, follow, max-snippet:-1, max-image-preview:large, max-video-preview:-1\" \/>\n<link rel=\"canonical\" href=\"https:\/\/ocastelo.net\/es\/hotel-que-admite-perros-algarve-carvoeiro-para-mascotas\/\" \/>\n<meta property=\"og:locale\" content=\"es_ES\" \/>\n<meta property=\"og:type\" content=\"article\" \/>\n<meta property=\"og:title\" content=\"Hotel que admite perros Algarve, Carvoeiro para mascotas - O Castelo Guest House\" \/>\n<meta property=\"og:description\" content=\"O Castelo Guest House es un hotel que acepta mascotas y perros en el Algarve, ubicado en Carvoeiro, a pocos segundos de la hermosa playa.\" \/>\n<meta property=\"og:url\" content=\"https:\/\/ocastelo.net\/es\/hotel-que-admite-perros-algarve-carvoeiro-para-mascotas\/\" \/>\n<meta property=\"og:site_name\" content=\"O Castelo Guest House\" \/>\n<meta property=\"article:modified_time\" content=\"2021-09-25T13:50:05+00:00\" \/>\n<meta property=\"og:image\" content=\"https:\/\/ocastelo.net\/wp-content\/uploads\/2021\/02\/O-Castelo-Guest-House-Room9-M.jpg\" \/>\n\t<meta property=\"og:image:width\" content=\"1030\" \/>\n\t<meta property=\"og:image:height\" content=\"687\" \/>\n\t<meta property=\"og:image:type\" content=\"image\/jpeg\" \/>\n<meta name=\"twitter:card\" content=\"summary_large_image\" \/>\n<meta name=\"twitter:label1\" content=\"Tiempo de lectura\" \/>\n\t<meta name=\"twitter:data1\" content=\"6 minutos\" \/>\n<script type=\"application\/ld+json\" class=\"yoast-schema-graph\">{\"@context\":\"https:\\\/\\\/schema.org\",\"@graph\":[{\"@type\":\"WebPage\",\"@id\":\"https:\\\/\\\/ocastelo.net\\\/es\\\/hotel-que-admite-perros-algarve-carvoeiro-para-mascotas\\\/\",\"url\":\"https:\\\/\\\/ocastelo.net\\\/es\\\/hotel-que-admite-perros-algarve-carvoeiro-para-mascotas\\\/\",\"name\":\"Hotel que admite perros Algarve, Carvoeiro para mascotas - O Castelo Guest House\",\"isPartOf\":{\"@id\":\"https:\\\/\\\/ocastelo.net\\\/es\\\/#website\"},\"primaryImageOfPage\":{\"@id\":\"https:\\\/\\\/ocastelo.net\\\/es\\\/hotel-que-admite-perros-algarve-carvoeiro-para-mascotas\\\/#primaryimage\"},\"image\":{\"@id\":\"https:\\\/\\\/ocastelo.net\\\/es\\\/hotel-que-admite-perros-algarve-carvoeiro-para-mascotas\\\/#primaryimage\"},\"thumbnailUrl\":\"https:\\\/\\\/ocastelo.net\\\/wp-content\\\/uploads\\\/2021\\\/02\\\/O-Castelo-Guest-House-Room9-M.jpg\",\"datePublished\":\"2021-02-26T15:28:01+00:00\",\"dateModified\":\"2021-09-25T13:50:05+00:00\",\"description\":\"O Castelo Guest House es un hotel que acepta mascotas y perros en el Algarve, ubicado en Carvoeiro, a pocos segundos de la hermosa playa.\",\"breadcrumb\":{\"@id\":\"https:\\\/\\\/ocastelo.net\\\/es\\\/hotel-que-admite-perros-algarve-carvoeiro-para-mascotas\\\/#breadcrumb\"},\"inLanguage\":\"es\",\"potentialAction\":[{\"@type\":\"ReadAction\",\"target\":[\"https:\\\/\\\/ocastelo.net\\\/es\\\/hotel-que-admite-perros-algarve-carvoeiro-para-mascotas\\\/\"]}]},{\"@type\":\"ImageObject\",\"inLanguage\":\"es\",\"@id\":\"https:\\\/\\\/ocastelo.net\\\/es\\\/hotel-que-admite-perros-algarve-carvoeiro-para-mascotas\\\/#primaryimage\",\"url\":\"https:\\\/\\\/ocastelo.net\\\/wp-content\\\/uploads\\\/2021\\\/02\\\/O-Castelo-Guest-House-Room9-M.jpg\",\"contentUrl\":\"https:\\\/\\\/ocastelo.net\\\/wp-content\\\/uploads\\\/2021\\\/02\\\/O-Castelo-Guest-House-Room9-M.jpg\",\"width\":1030,\"height\":687},{\"@type\":\"BreadcrumbList\",\"@id\":\"https:\\\/\\\/ocastelo.net\\\/es\\\/hotel-que-admite-perros-algarve-carvoeiro-para-mascotas\\\/#breadcrumb\",\"itemListElement\":[{\"@type\":\"ListItem\",\"position\":1,\"name\":\"Home\",\"item\":\"https:\\\/\\\/ocastelo.net\\\/es\\\/\"},{\"@type\":\"ListItem\",\"position\":2,\"name\":\"Hotel que admite perros Algarve, Carvoeiro para mascotas\"}]},{\"@type\":\"WebSite\",\"@id\":\"https:\\\/\\\/ocastelo.net\\\/es\\\/#website\",\"url\":\"https:\\\/\\\/ocastelo.net\\\/es\\\/\",\"name\":\"O Castelo Guest House\",\"description\":\"Boutique B&amp;B overlooking Carvoeiro Beach, Algarve, Portugal\",\"potentialAction\":[{\"@type\":\"SearchAction\",\"target\":{\"@type\":\"EntryPoint\",\"urlTemplate\":\"https:\\\/\\\/ocastelo.net\\\/es\\\/?s={search_term_string}\"},\"query-input\":{\"@type\":\"PropertyValueSpecification\",\"valueRequired\":true,\"valueName\":\"search_term_string\"}}],\"inLanguage\":\"es\"}]}<\/script>\n<!-- \/ Yoast SEO plugin. -->","yoast_head_json":{"title":"Hotel que admite perros Algarve, Carvoeiro para mascotas - O Castelo Guest House","description":"O Castelo Guest House es un hotel que acepta mascotas y perros en el Algarve, ubicado en Carvoeiro, a pocos segundos de la hermosa playa.","robots":{"index":"index","follow":"follow","max-snippet":"max-snippet:-1","max-image-preview":"max-image-preview:large","max-video-preview":"max-video-preview:-1"},"canonical":"https:\/\/ocastelo.net\/es\/hotel-que-admite-perros-algarve-carvoeiro-para-mascotas\/","og_locale":"es_ES","og_type":"article","og_title":"Hotel que admite perros Algarve, Carvoeiro para mascotas - O Castelo Guest House","og_description":"O Castelo Guest House es un hotel que acepta mascotas y perros en el Algarve, ubicado en Carvoeiro, a pocos segundos de la hermosa playa.","og_url":"https:\/\/ocastelo.net\/es\/hotel-que-admite-perros-algarve-carvoeiro-para-mascotas\/","og_site_name":"O Castelo Guest House","article_modified_time":"2021-09-25T13:50:05+00:00","og_image":[{"width":1030,"height":687,"url":"https:\/\/ocastelo.net\/wp-content\/uploads\/2021\/02\/O-Castelo-Guest-House-Room9-M.jpg","type":"image\/jpeg"}],"twitter_card":"summary_large_image","twitter_misc":{"Tiempo de lectura":"6 minutos"},"schema":{"@context":"https:\/\/schema.org","@graph":[{"@type":"WebPage","@id":"https:\/\/ocastelo.net\/es\/hotel-que-admite-perros-algarve-carvoeiro-para-mascotas\/","url":"https:\/\/ocastelo.net\/es\/hotel-que-admite-perros-algarve-carvoeiro-para-mascotas\/","name":"Hotel que admite perros Algarve, Carvoeiro para mascotas - O Castelo Guest House","isPartOf":{"@id":"https:\/\/ocastelo.net\/es\/#website"},"primaryImageOfPage":{"@id":"https:\/\/ocastelo.net\/es\/hotel-que-admite-perros-algarve-carvoeiro-para-mascotas\/#primaryimage"},"image":{"@id":"https:\/\/ocastelo.net\/es\/hotel-que-admite-perros-algarve-carvoeiro-para-mascotas\/#primaryimage"},"thumbnailUrl":"https:\/\/ocastelo.net\/wp-content\/uploads\/2021\/02\/O-Castelo-Guest-House-Room9-M.jpg","datePublished":"2021-02-26T15:28:01+00:00","dateModified":"2021-09-25T13:50:05+00:00","description":"O Castelo Guest House es un hotel que acepta mascotas y perros en el Algarve, ubicado en Carvoeiro, a pocos segundos de la hermosa playa.","breadcrumb":{"@id":"https:\/\/ocastelo.net\/es\/hotel-que-admite-perros-algarve-carvoeiro-para-mascotas\/#breadcrumb"},"inLanguage":"es","potentialAction":[{"@type":"ReadAction","target":["https:\/\/ocastelo.net\/es\/hotel-que-admite-perros-algarve-carvoeiro-para-mascotas\/"]}]},{"@type":"ImageObject","inLanguage":"es","@id":"https:\/\/ocastelo.net\/es\/hotel-que-admite-perros-algarve-carvoeiro-para-mascotas\/#primaryimage","url":"https:\/\/ocastelo.net\/wp-content\/uploads\/2021\/02\/O-Castelo-Guest-House-Room9-M.jpg","contentUrl":"https:\/\/ocastelo.net\/wp-content\/uploads\/2021\/02\/O-Castelo-Guest-House-Room9-M.jpg","width":1030,"height":687},{"@type":"BreadcrumbList","@id":"https:\/\/ocastelo.net\/es\/hotel-que-admite-perros-algarve-carvoeiro-para-mascotas\/#breadcrumb","itemListElement":[{"@type":"ListItem","position":1,"name":"Home","item":"https:\/\/ocastelo.net\/es\/"},{"@type":"ListItem","position":2,"name":"Hotel que admite perros Algarve, Carvoeiro para mascotas"}]},{"@type":"WebSite","@id":"https:\/\/ocastelo.net\/es\/#website","url":"https:\/\/ocastelo.net\/es\/","name":"O Castelo Guest House","description":"Boutique B&amp;B overlooking Carvoeiro Beach, Algarve, Portugal","potentialAction":[{"@type":"SearchAction","target":{"@type":"EntryPoint","urlTemplate":"https:\/\/ocastelo.net\/es\/?s={search_term_string}"},"query-input":{"@type":"PropertyValueSpecification","valueRequired":true,"valueName":"search_term_string"}}],"inLanguage":"es"}]}},"_links":{"self":[{"href":"https:\/\/ocastelo.net\/es\/wp-json\/wp\/v2\/pages\/1891","targetHints":{"allow":["GET"]}}],"collection":[{"href":"https:\/\/ocastelo.net\/es\/wp-json\/wp\/v2\/pages"}],"about":[{"href":"https:\/\/ocastelo.net\/es\/wp-json\/wp\/v2\/types\/page"}],"author":[{"embeddable":true,"href":"https:\/\/ocastelo.net\/es\/wp-json\/wp\/v2\/users\/1"}],"replies":[{"embeddable":true,"href":"https:\/\/ocastelo.net\/es\/wp-json\/wp\/v2\/comments?post=1891"}],"version-history":[{"count":12,"href":"https:\/\/ocastelo.net\/es\/wp-json\/wp\/v2\/pages\/1891\/revisions"}],"predecessor-version":[{"id":2810,"href":"https:\/\/ocastelo.net\/es\/wp-json\/wp\/v2\/pages\/1891\/revisions\/2810"}],"wp:featuredmedia":[{"embeddable":true,"href":"https:\/\/ocastelo.net\/es\/wp-json\/wp\/v2\/media\/1254"}],"wp:attachment":[{"href":"https:\/\/ocastelo.net\/es\/wp-json\/wp\/v2\/media?parent=1891"}],"curies":[{"name":"wp","href":"https:\/\/api.w.org\/{rel}","templated":true}]}}