{"id":1581,"date":"2021-02-26T14:25:55","date_gmt":"2021-02-26T14:25:55","guid":{"rendered":"https:\/\/ocastelo.net\/a-propos-de-o-castelo\/"},"modified":"2021-09-25T13:34:06","modified_gmt":"2021-09-25T13:34:06","slug":"a-propos-de-o-castelo","status":"publish","type":"page","link":"https:\/\/ocastelo.net\/fr\/a-propos-de-o-castelo\/","title":{"rendered":"A propos de O Castelo"},"content":{"rendered":"<div id='full_slider_1'  class='avia-fullwidth-slider main_color avia-shadow   avia-builder-el-0  el_before_av_section  avia-builder-el-first   container_wrap fullsize'  ><div  class='avia-slideshow av-kjsmoba3-92fee7daa86447e6d5cde7dcdcefd3d6 avia-slideshow-featured_large av_slideshow_full avia-fade-slider av-slideshow-ui av-control-minimal av-slideshow-autoplay av-loop-endless av-loop-manual-endless av-default-height-applied   avia-slideshow-1' data-slideshow-options=\"{&quot;animation&quot;:&quot;fade&quot;,&quot;autoplay&quot;:true,&quot;loop_autoplay&quot;:&quot;endless&quot;,&quot;interval&quot;:4,&quot;loop_manual&quot;:&quot;manual-endless&quot;,&quot;autoplay_stopper&quot;:false,&quot;noNavigation&quot;:false,&quot;bg_slider&quot;:false,&quot;keep_padding&quot;:false,&quot;hoverpause&quot;:false,&quot;show_slide_delay&quot;:0}\"  itemprop=\"image\" itemscope=\"itemscope\" itemtype=\"https:\/\/schema.org\/ImageObject\" ><ul class='avia-slideshow-inner ' style='padding-bottom: 42%;'><li  class='avia-slideshow-slide av-kjsmoba3-92fee7daa86447e6d5cde7dcdcefd3d6__0  av-single-slide slide-1 slide-odd'><div data-rel='slideshow-1' class='avia-slide-wrap '   ><img decoding=\"async\" class=\"wp-image-1322 avia-img-lazy-loading-not-1322\"  src=\"https:\/\/ocastelo.net\/wp-content\/uploads\/2021\/02\/About-Castelo.jpg\" width=\"1500\" height=\"630\" title='About-Castelo' alt=''  itemprop=\"thumbnailUrl\" srcset=\"https:\/\/ocastelo.net\/wp-content\/uploads\/2021\/02\/About-Castelo.jpg 1500w, https:\/\/ocastelo.net\/wp-content\/uploads\/2021\/02\/About-Castelo-300x126.jpg 300w, https:\/\/ocastelo.net\/wp-content\/uploads\/2021\/02\/About-Castelo-1030x433.jpg 1030w, https:\/\/ocastelo.net\/wp-content\/uploads\/2021\/02\/About-Castelo-768x323.jpg 768w, https:\/\/ocastelo.net\/wp-content\/uploads\/2021\/02\/About-Castelo-705x296.jpg 705w\" sizes=\"(max-width: 1500px) 100vw, 1500px\" \/><\/div><\/li><\/ul><\/div><\/div>\n<div id='av_section_1'  class='avia-section av-8gb2-6a387e77b65abfdb3dfb5a2cbe2017ff main_color avia-section-large avia-no-border-styling  avia-builder-el-1  el_after_av_slideshow_full  el_before_av_section  avia-bg-style-scroll container_wrap fullsize'  ><div class='container av-section-cont-open' ><div class='template-page content  av-content-full alpha units'><div class='post-entry post-entry-type-page post-entry-1581'><div class='entry-content-wrapper clearfix'>\n\n<style type=\"text\/css\" data-created_by=\"avia_inline_auto\" id=\"style-css-av-kkmb812n-a67ed0f67eaaafe7e20f98bf72785d5c\">\n.flex_column.av-kkmb812n-a67ed0f67eaaafe7e20f98bf72785d5c{\n-webkit-border-radius:0px 0px 0px 0px;\n-moz-border-radius:0px 0px 0px 0px;\nborder-radius:0px 0px 0px 0px;\npadding:0px 0px 0px 0px;\n}\n<\/style>\n<div class='flex_column av-kkmb812n-a67ed0f67eaaafe7e20f98bf72785d5c av_one_full  avia-builder-el-2  el_before_av_three_fifth  avia-builder-el-first  first flex_column_div av-zero-column-padding '     ><section  class='av_textblock_section av-kiei5oto-96aaaf94a3d5c644d08621c2404a2c64'  itemscope=\"itemscope\" itemtype=\"https:\/\/schema.org\/CreativeWork\" ><div class='avia_textblock'  itemprop=\"text\" ><h1 style=\"text-align: left;\">\u00c0 PROPOS <strong>D&rsquo;O CASTELO<\/strong><\/h1>\n<\/div><\/section><\/div>\n<style type=\"text\/css\" data-created_by=\"avia_inline_auto\" id=\"style-css-av-223u-070d67692d775ede15dc84dd8b774063\">\n#top .flex_column.av-223u-070d67692d775ede15dc84dd8b774063{\nmargin-top:0px;\nmargin-bottom:0px;\n}\n.flex_column.av-223u-070d67692d775ede15dc84dd8b774063{\n-webkit-border-radius:0px 0px 0px 0px;\n-moz-border-radius:0px 0px 0px 0px;\nborder-radius:0px 0px 0px 0px;\npadding:0px 0px 0px 0px;\n}\n.responsive #top #wrap_all .flex_column.av-223u-070d67692d775ede15dc84dd8b774063{\nmargin-top:0px;\nmargin-bottom:0px;\n}\n<\/style>\n<div class='flex_column av-223u-070d67692d775ede15dc84dd8b774063 av_three_fifth  avia-builder-el-4  el_after_av_one_full  el_before_av_two_fifth  first flex_column_div av-zero-column-padding column-top-margin'     id=\"roomdesc\"  ><section  class='av_textblock_section av-kiei5oto-96aaaf94a3d5c644d08621c2404a2c64'  itemscope=\"itemscope\" itemtype=\"https:\/\/schema.org\/CreativeWork\" ><div class='avia_textblock'  itemprop=\"text\" ><p>Avec une vue privil\u00e9gi\u00e9e sur le village de Carvoeiro, O Castelo Guest House offre un cadre parfait pour les couples en lune de miel ou en vacances romantiques. Offrant une vue imprenable sur la plage et l&rsquo;oc\u00e9an, ses chambres avec balcon ou terrasse vous permettent de commencer la journ\u00e9e avec un d\u00e9licieux petit d\u00e9jeuner ou de d\u00e9guster un vin au coucher du soleil. C&rsquo;est l&rsquo;endroit id\u00e9al pour se d\u00e9tendre et profiter en toute tranquillit\u00e9 de vos vacances en Algarve.<\/p>\n<p>Cette propri\u00e9t\u00e9 s\u00e9culaire, qui a l&rsquo;apparence d&rsquo;un ancien ch\u00e2teau gr\u00e2ce \u00e0 ses cr\u00e9neaux et ses tourelles, appartient \u00e0 la m\u00eame famille depuis 5 g\u00e9n\u00e9rations et est fi\u00e8re de son hospitalit\u00e9 portugaise.<\/p>\n<p>Actuellement un charmant h\u00e9bergement local, le Castelo Guest House offre 12 chambres, toutes \u00e9quip\u00e9es d&rsquo;une salle de bains priv\u00e9e, de la climatisation, du WIFI gratuit, de la t\u00e9l\u00e9vision par c\u00e2ble et d&rsquo;un nettoyage quotidien.<\/p>\n<p>Le petit-d\u00e9jeuner est optionnel mais fortement recommand\u00e9.<\/p>\n<p>Si vous souhaitez rendre votre s\u00e9jour encore plus sp\u00e9cial, faire une surprise \u00e0 votre arriv\u00e9e ou si vous avez besoin d&rsquo;aide pour r\u00e9server des exp\u00e9riences locales, n&rsquo;h\u00e9sitez pas \u00e0 nous contacter.<\/p>\n<p class=\"p1\"><span class=\"s1\">Ici, vous trouverez une atmosph\u00e8re tranquille et une grande hospitalit\u00e9, vous invitant \u00e0 vous reposer et \u00e0 vous endormir berc\u00e9 par le son de l&rsquo;oc\u00e9an. Une exp\u00e9rience unique et inoubliable !<\/span><\/p>\n<\/div><\/section><\/div>\n<style type=\"text\/css\" data-created_by=\"avia_inline_auto\" id=\"style-css-av-i9aa-e2e2deb0b4e30a8c5ad85110d622b1b1\">\n#top .flex_column.av-i9aa-e2e2deb0b4e30a8c5ad85110d622b1b1{\nmargin-top:0px;\nmargin-bottom:0px;\n}\n.flex_column.av-i9aa-e2e2deb0b4e30a8c5ad85110d622b1b1{\n-webkit-border-radius:0px 0px 0px 0px;\n-moz-border-radius:0px 0px 0px 0px;\nborder-radius:0px 0px 0px 0px;\npadding:0px 0px 0px 0px;\n}\n.responsive #top #wrap_all .flex_column.av-i9aa-e2e2deb0b4e30a8c5ad85110d622b1b1{\nmargin-top:0px;\nmargin-bottom:0px;\n}\n<\/style>\n<div class='flex_column av-i9aa-e2e2deb0b4e30a8c5ad85110d622b1b1 av_two_fifth  avia-builder-el-6  el_after_av_three_fifth  avia-builder-el-last  flex_column_div av-zero-column-padding column-top-margin'     id=\"availabilitybox\"  ><style type=\"text\/css\" data-created_by=\"avia_inline_auto\" id=\"style-css-av-kjsne9ok-1122401ec60437bcb60dabce8fb2d8fe\">\n#top .avia-gallery.av-kjsne9ok-1122401ec60437bcb60dabce8fb2d8fe .avia-gallery-thumb a{\nwidth:50%;\n}\n<\/style>\n<div  class='avia-gallery av-kjsne9ok-1122401ec60437bcb60dabce8fb2d8fe avia_animate_when_visible  avia-builder-el-7  avia-builder-el-no-sibling  animations_off avia-gallery-1'  itemprop=\"image\" itemscope=\"itemscope\" itemtype=\"https:\/\/schema.org\/ImageObject\" ><meta itemprop=\"contentURL\" content=\"https:\/\/ocastelo.net\/fr\/a-propos-de-o-castelo\/\"><div class='avia-gallery-thumb'><a href=\"https:\/\/ocastelo.net\/wp-content\/uploads\/2021\/02\/O-Castelo-Guesthouse-Property-006.jpg\" data-srcset=\"https:\/\/ocastelo.net\/wp-content\/uploads\/2021\/02\/O-Castelo-Guesthouse-Property-006.jpg 1030w, https:\/\/ocastelo.net\/wp-content\/uploads\/2021\/02\/O-Castelo-Guesthouse-Property-006-300x200.jpg 300w, https:\/\/ocastelo.net\/wp-content\/uploads\/2021\/02\/O-Castelo-Guesthouse-Property-006-768x512.jpg 768w, https:\/\/ocastelo.net\/wp-content\/uploads\/2021\/02\/O-Castelo-Guesthouse-Property-006-705x470.jpg 705w\" data-sizes=\"(max-width: 1030px) 100vw, 1030px\" data-rel='gallery-1' data-prev-img='https:\/\/ocastelo.net\/wp-content\/uploads\/2021\/02\/O-Castelo-Guesthouse-Property-006-710x375.jpg' class='first_thumb lightbox ' data-onclick='1' title=''  itemprop=\"thumbnailUrl\"  ><img decoding=\"async\" class=\"wp-image-1331 avia-img-lazy-loading-not-1331\"   src=\"https:\/\/ocastelo.net\/wp-content\/uploads\/2021\/02\/O-Castelo-Guesthouse-Property-006-495x400.jpg\" width=\"495\" height=\"400\"  title='O-Castelo-Guesthouse-Property-006' alt='' srcset=\"https:\/\/ocastelo.net\/wp-content\/uploads\/2021\/02\/O-Castelo-Guesthouse-Property-006-495x400.jpg 495w, https:\/\/ocastelo.net\/wp-content\/uploads\/2021\/02\/O-Castelo-Guesthouse-Property-006-845x684.jpg 845w\" sizes=\"(max-width: 495px) 100vw, 495px\" \/><div class='big-prev-fake'><img loading=\"lazy\" decoding=\"async\" class=\"wp-image-1331 avia-img-lazy-loading-1331\"  width=\"710\" height=\"375\" src=\"https:\/\/ocastelo.net\/wp-content\/uploads\/2021\/02\/O-Castelo-Guesthouse-Property-006-710x375.jpg\" title='O-Castelo-Guesthouse-Property-006' alt='' \/><\/div><\/a><a href=\"https:\/\/ocastelo.net\/wp-content\/uploads\/2021\/02\/O-Castelo-Guesthouse-Property-002.jpg\" data-srcset=\"https:\/\/ocastelo.net\/wp-content\/uploads\/2021\/02\/O-Castelo-Guesthouse-Property-002.jpg 1030w, https:\/\/ocastelo.net\/wp-content\/uploads\/2021\/02\/O-Castelo-Guesthouse-Property-002-300x200.jpg 300w, https:\/\/ocastelo.net\/wp-content\/uploads\/2021\/02\/O-Castelo-Guesthouse-Property-002-768x512.jpg 768w, https:\/\/ocastelo.net\/wp-content\/uploads\/2021\/02\/O-Castelo-Guesthouse-Property-002-705x470.jpg 705w\" data-sizes=\"(max-width: 1030px) 100vw, 1030px\" data-rel='gallery-1' data-prev-img='https:\/\/ocastelo.net\/wp-content\/uploads\/2021\/02\/O-Castelo-Guesthouse-Property-002-710x375.jpg' class='lightbox ' data-onclick='2' title=''  itemprop=\"thumbnailUrl\"  ><img decoding=\"async\" class=\"wp-image-1328 avia-img-lazy-loading-not-1328\"   src=\"https:\/\/ocastelo.net\/wp-content\/uploads\/2021\/02\/O-Castelo-Guesthouse-Property-002-495x400.jpg\" width=\"495\" height=\"400\"  title='O-Castelo-Guesthouse-Property-002' alt='' srcset=\"https:\/\/ocastelo.net\/wp-content\/uploads\/2021\/02\/O-Castelo-Guesthouse-Property-002-495x400.jpg 495w, https:\/\/ocastelo.net\/wp-content\/uploads\/2021\/02\/O-Castelo-Guesthouse-Property-002-845x684.jpg 845w\" sizes=\"(max-width: 495px) 100vw, 495px\" \/><div class='big-prev-fake'><img loading=\"lazy\" decoding=\"async\" class=\"wp-image-1328 avia-img-lazy-loading-1328\"  width=\"710\" height=\"375\" src=\"https:\/\/ocastelo.net\/wp-content\/uploads\/2021\/02\/O-Castelo-Guesthouse-Property-002-710x375.jpg\" title='O-Castelo-Guesthouse-Property-002' alt='' \/><\/div><\/a><a href=\"https:\/\/ocastelo.net\/wp-content\/uploads\/2021\/02\/O-Castelo-Guesthouse-Property-003.jpg\" data-srcset=\"https:\/\/ocastelo.net\/wp-content\/uploads\/2021\/02\/O-Castelo-Guesthouse-Property-003.jpg 1030w, https:\/\/ocastelo.net\/wp-content\/uploads\/2021\/02\/O-Castelo-Guesthouse-Property-003-300x200.jpg 300w, https:\/\/ocastelo.net\/wp-content\/uploads\/2021\/02\/O-Castelo-Guesthouse-Property-003-768x512.jpg 768w, https:\/\/ocastelo.net\/wp-content\/uploads\/2021\/02\/O-Castelo-Guesthouse-Property-003-705x470.jpg 705w\" data-sizes=\"(max-width: 1030px) 100vw, 1030px\" data-rel='gallery-1' data-prev-img='https:\/\/ocastelo.net\/wp-content\/uploads\/2021\/02\/O-Castelo-Guesthouse-Property-003-710x375.jpg' class='first_thumb lightbox ' data-onclick='3' title=''  itemprop=\"thumbnailUrl\"  ><img decoding=\"async\" class=\"wp-image-1325 avia-img-lazy-loading-not-1325\"  data-avia-tooltip='REGALO PERFECTO' src=\"https:\/\/ocastelo.net\/wp-content\/uploads\/2021\/02\/O-Castelo-Guesthouse-Property-003-495x400.jpg\" width=\"495\" height=\"400\"  title='O-Castelo-Guesthouse-Property-003' alt='' srcset=\"https:\/\/ocastelo.net\/wp-content\/uploads\/2021\/02\/O-Castelo-Guesthouse-Property-003-495x400.jpg 495w, https:\/\/ocastelo.net\/wp-content\/uploads\/2021\/02\/O-Castelo-Guesthouse-Property-003-845x684.jpg 845w\" sizes=\"(max-width: 495px) 100vw, 495px\" \/><div class='big-prev-fake'><img loading=\"lazy\" decoding=\"async\" class=\"wp-image-1325 avia-img-lazy-loading-1325\"  width=\"710\" height=\"375\" src=\"https:\/\/ocastelo.net\/wp-content\/uploads\/2021\/02\/O-Castelo-Guesthouse-Property-003-710x375.jpg\" title='O-Castelo-Guesthouse-Property-003' alt='' \/><\/div><\/a><a href=\"https:\/\/ocastelo.net\/wp-content\/uploads\/2021\/02\/Lounge.jpg\" data-srcset=\"https:\/\/ocastelo.net\/wp-content\/uploads\/2021\/02\/Lounge.jpg 1030w, https:\/\/ocastelo.net\/wp-content\/uploads\/2021\/02\/Lounge-300x200.jpg 300w, https:\/\/ocastelo.net\/wp-content\/uploads\/2021\/02\/Lounge-768x512.jpg 768w, https:\/\/ocastelo.net\/wp-content\/uploads\/2021\/02\/Lounge-705x470.jpg 705w\" data-sizes=\"(max-width: 1030px) 100vw, 1030px\" data-rel='gallery-1' data-prev-img='https:\/\/ocastelo.net\/wp-content\/uploads\/2021\/02\/Lounge-710x375.jpg' class='lightbox ' data-onclick='4' title=''  itemprop=\"thumbnailUrl\"  ><img decoding=\"async\" class=\"wp-image-1308 avia-img-lazy-loading-not-1308\"   src=\"https:\/\/ocastelo.net\/wp-content\/uploads\/2021\/02\/Lounge-495x400.jpg\" width=\"495\" height=\"400\"  title='Lounge' alt='' srcset=\"https:\/\/ocastelo.net\/wp-content\/uploads\/2021\/02\/Lounge-495x400.jpg 495w, https:\/\/ocastelo.net\/wp-content\/uploads\/2021\/02\/Lounge-845x684.jpg 845w\" sizes=\"(max-width: 495px) 100vw, 495px\" \/><div class='big-prev-fake'><img loading=\"lazy\" decoding=\"async\" class=\"wp-image-1308 avia-img-lazy-loading-1308\"  width=\"710\" height=\"375\" src=\"https:\/\/ocastelo.net\/wp-content\/uploads\/2021\/02\/Lounge-710x375.jpg\" title='Lounge' alt='' \/><\/div><\/a><\/div><\/div><\/div><\/div><\/div><\/div><!-- close content main div --><\/div><\/div>\n<style type=\"text\/css\" data-created_by=\"avia_inline_auto\" id=\"style-css-av-kkmdntoo-1d93f328b852787ac3f00cfd4df9ab09\">\n.avia-section.av-kkmdntoo-1d93f328b852787ac3f00cfd4df9ab09{\nbackground-repeat:no-repeat;\nbackground-image:url(https:\/\/ocastelo.net\/wp-content\/uploads\/2021\/02\/O-Castelo-Guesthouse-R-5-DSVT-011.jpg);\nbackground-position:50% 50%;\nbackground-attachment:scroll;\n}\n.avia-section.av-kkmdntoo-1d93f328b852787ac3f00cfd4df9ab09 .av-section-color-overlay{\nopacity:0.5;\nbackground-color:#0a0a0a;\n}\n<\/style>\n<div id='av_section_2'  class='avia-section av-kkmdntoo-1d93f328b852787ac3f00cfd4df9ab09 main_color avia-section-default avia-no-border-styling  avia-builder-el-8  el_after_av_section  avia-builder-el-last  avia-full-stretch avia-bg-style-scroll av-section-color-overlay-active av-minimum-height av-minimum-height-50  container_wrap fullsize'  data-section-bg-repeat='stretch' data-av_minimum_height_pc='50'><div class=\"av-section-color-overlay-wrap\"><div class=\"av-section-color-overlay\"><\/div><div class='container av-section-cont-open' ><div class='template-page content  av-content-full alpha units'><div class='post-entry post-entry-type-page post-entry-1581'><div class='entry-content-wrapper clearfix'>\n\n<style type=\"text\/css\" data-created_by=\"avia_inline_auto\" id=\"style-css-av-kiei5oto-f0cbd4d834236d07dbaf26a24ef1b8f6\">\n#top .av_textblock_section.av-kiei5oto-f0cbd4d834236d07dbaf26a24ef1b8f6 .avia_textblock{\ncolor:#ffffff;\n}\n<\/style>\n<section  class='av_textblock_section av-kiei5oto-f0cbd4d834236d07dbaf26a24ef1b8f6'  itemscope=\"itemscope\" itemtype=\"https:\/\/schema.org\/CreativeWork\" ><div class='avia_textblock av_inherit_color'  itemprop=\"text\" ><h2 style=\"text-align: center;\">Trouver votre <strong>Chambre parfaite<\/strong><\/h2>\n<\/div><\/section>\n<div  class='avia-buttonrow-wrap av-kkmdr8v2-8ec4bd1b2814918bcabaab454106c526 avia-buttonrow-center  avia-builder-el-10  el_after_av_textblock  avia-builder-el-last '>\n\n<style type=\"text\/css\" data-created_by=\"avia_inline_auto\" id=\"style-css-av-fhsdh-281e6ebda58d763feb68a001c907a6a9\">\n#top #wrap_all .avia-button.av-fhsdh-281e6ebda58d763feb68a001c907a6a9{\nmargin-bottom:5px;\nmargin-right:3px;\nmargin-left:3px;\n}\n<\/style>\n<a href='https:\/\/ocastelo.net\/en\/hotel-rooms\/'  class='avia-button av-fhsdh-281e6ebda58d763feb68a001c907a6a9 avia-icon_select-yes-right-icon avia-size-medium avia-color-light'  ><span class='avia_iconbox_title' >Voir tous les types de chambres<\/span><span class='avia_button_icon avia_button_icon_right' aria-hidden='true' data-av_icon='\ue879' data-av_iconfont='entypo-fontello'><\/span><\/a>\n\n<style type=\"text\/css\" data-created_by=\"avia_inline_auto\" id=\"style-css-av-bv5fx-0ac47c32e6d24de597248ba521e81d0d\">\n#top #wrap_all .avia-button.av-bv5fx-0ac47c32e6d24de597248ba521e81d0d{\nmargin-bottom:5px;\nmargin-right:3px;\nmargin-left:3px;\n}\n<\/style>\n<a href='https:\/\/booking.roomraccoon.pt\/casteloguesthouse\/fr\/' class='avia-button av-bv5fx-0ac47c32e6d24de597248ba521e81d0d avia-icon_select-yes-right-icon avia-size-medium avia-color-light' target=\"_blank\" rel=\"noopener noreferrer\"><span class='avia_iconbox_title' >Reserve maintenant<\/span><span class='avia_button_icon avia_button_icon_right' aria-hidden='true' data-av_icon='\ue879' data-av_iconfont='entypo-fontello'><\/span><\/a>\n<\/div>\n<\/p>\n","protected":false},"excerpt":{"rendered":"","protected":false},"author":1,"featured_media":1325,"parent":0,"menu_order":0,"comment_status":"closed","ping_status":"closed","template":"","meta":{"footnotes":""},"class_list":["post-1581","page","type-page","status-publish","has-post-thumbnail","hentry"],"yoast_head":"<!-- This site is optimized with the Yoast SEO plugin v27.4 - https:\/\/yoast.com\/product\/yoast-seo-wordpress\/ -->\n<title>A propos de O Castelo - O Castelo Guest House<\/title>\n<meta name=\"description\" content=\"Ressemblant \u00e0 l&#039;apparence d&#039;un vieux ch\u00e2teau, gr\u00e2ce aux teintes orange et jaune, aux tourelles et aux caract\u00e9ristiques de conception uniques.\" \/>\n<meta name=\"robots\" content=\"index, follow, max-snippet:-1, max-image-preview:large, max-video-preview:-1\" \/>\n<link rel=\"canonical\" href=\"https:\/\/ocastelo.net\/fr\/a-propos-de-o-castelo\/\" \/>\n<meta property=\"og:locale\" content=\"fr_FR\" \/>\n<meta property=\"og:type\" content=\"article\" \/>\n<meta property=\"og:title\" content=\"A propos de O Castelo - O Castelo Guest House\" \/>\n<meta property=\"og:description\" content=\"Ressemblant \u00e0 l&#039;apparence d&#039;un vieux ch\u00e2teau, gr\u00e2ce aux teintes orange et jaune, aux tourelles et aux caract\u00e9ristiques de conception uniques.\" \/>\n<meta property=\"og:url\" content=\"https:\/\/ocastelo.net\/fr\/a-propos-de-o-castelo\/\" \/>\n<meta property=\"og:site_name\" content=\"O Castelo Guest House\" \/>\n<meta property=\"article:modified_time\" content=\"2021-09-25T13:34:06+00:00\" \/>\n<meta property=\"og:image\" content=\"https:\/\/ocastelo.net\/wp-content\/uploads\/2021\/02\/O-Castelo-Guesthouse-Property-003.jpg\" \/>\n\t<meta property=\"og:image:width\" content=\"1030\" \/>\n\t<meta property=\"og:image:height\" content=\"687\" \/>\n\t<meta property=\"og:image:type\" content=\"image\/jpeg\" \/>\n<meta name=\"twitter:card\" content=\"summary_large_image\" \/>\n<meta name=\"twitter:label1\" content=\"Dur\u00e9e de lecture estim\u00e9e\" \/>\n\t<meta name=\"twitter:data1\" content=\"7 minutes\" \/>\n<script type=\"application\/ld+json\" class=\"yoast-schema-graph\">{\"@context\":\"https:\\\/\\\/schema.org\",\"@graph\":[{\"@type\":\"WebPage\",\"@id\":\"https:\\\/\\\/ocastelo.net\\\/fr\\\/a-propos-de-o-castelo\\\/\",\"url\":\"https:\\\/\\\/ocastelo.net\\\/fr\\\/a-propos-de-o-castelo\\\/\",\"name\":\"A propos de O Castelo - O Castelo Guest House\",\"isPartOf\":{\"@id\":\"https:\\\/\\\/ocastelo.net\\\/fr\\\/#website\"},\"primaryImageOfPage\":{\"@id\":\"https:\\\/\\\/ocastelo.net\\\/fr\\\/a-propos-de-o-castelo\\\/#primaryimage\"},\"image\":{\"@id\":\"https:\\\/\\\/ocastelo.net\\\/fr\\\/a-propos-de-o-castelo\\\/#primaryimage\"},\"thumbnailUrl\":\"https:\\\/\\\/ocastelo.net\\\/wp-content\\\/uploads\\\/2021\\\/02\\\/O-Castelo-Guesthouse-Property-003.jpg\",\"datePublished\":\"2021-02-26T14:25:55+00:00\",\"dateModified\":\"2021-09-25T13:34:06+00:00\",\"description\":\"Ressemblant \u00e0 l'apparence d'un vieux ch\u00e2teau, gr\u00e2ce aux teintes orange et jaune, aux tourelles et aux caract\u00e9ristiques de conception uniques.\",\"breadcrumb\":{\"@id\":\"https:\\\/\\\/ocastelo.net\\\/fr\\\/a-propos-de-o-castelo\\\/#breadcrumb\"},\"inLanguage\":\"fr-FR\",\"potentialAction\":[{\"@type\":\"ReadAction\",\"target\":[\"https:\\\/\\\/ocastelo.net\\\/fr\\\/a-propos-de-o-castelo\\\/\"]}]},{\"@type\":\"ImageObject\",\"inLanguage\":\"fr-FR\",\"@id\":\"https:\\\/\\\/ocastelo.net\\\/fr\\\/a-propos-de-o-castelo\\\/#primaryimage\",\"url\":\"https:\\\/\\\/ocastelo.net\\\/wp-content\\\/uploads\\\/2021\\\/02\\\/O-Castelo-Guesthouse-Property-003.jpg\",\"contentUrl\":\"https:\\\/\\\/ocastelo.net\\\/wp-content\\\/uploads\\\/2021\\\/02\\\/O-Castelo-Guesthouse-Property-003.jpg\",\"width\":1030,\"height\":687,\"caption\":\"REGALO PERFECTO\"},{\"@type\":\"BreadcrumbList\",\"@id\":\"https:\\\/\\\/ocastelo.net\\\/fr\\\/a-propos-de-o-castelo\\\/#breadcrumb\",\"itemListElement\":[{\"@type\":\"ListItem\",\"position\":1,\"name\":\"Home\",\"item\":\"https:\\\/\\\/ocastelo.net\\\/fr\\\/\"},{\"@type\":\"ListItem\",\"position\":2,\"name\":\"A propos de O Castelo\"}]},{\"@type\":\"WebSite\",\"@id\":\"https:\\\/\\\/ocastelo.net\\\/fr\\\/#website\",\"url\":\"https:\\\/\\\/ocastelo.net\\\/fr\\\/\",\"name\":\"O Castelo Guest House\",\"description\":\"Boutique B&amp;B overlooking Carvoeiro Beach, Algarve, Portugal\",\"potentialAction\":[{\"@type\":\"SearchAction\",\"target\":{\"@type\":\"EntryPoint\",\"urlTemplate\":\"https:\\\/\\\/ocastelo.net\\\/fr\\\/?s={search_term_string}\"},\"query-input\":{\"@type\":\"PropertyValueSpecification\",\"valueRequired\":true,\"valueName\":\"search_term_string\"}}],\"inLanguage\":\"fr-FR\"}]}<\/script>\n<!-- \/ Yoast SEO plugin. -->","yoast_head_json":{"title":"A propos de O Castelo - O Castelo Guest House","description":"Ressemblant \u00e0 l'apparence d'un vieux ch\u00e2teau, gr\u00e2ce aux teintes orange et jaune, aux tourelles et aux caract\u00e9ristiques de conception uniques.","robots":{"index":"index","follow":"follow","max-snippet":"max-snippet:-1","max-image-preview":"max-image-preview:large","max-video-preview":"max-video-preview:-1"},"canonical":"https:\/\/ocastelo.net\/fr\/a-propos-de-o-castelo\/","og_locale":"fr_FR","og_type":"article","og_title":"A propos de O Castelo - O Castelo Guest House","og_description":"Ressemblant \u00e0 l'apparence d'un vieux ch\u00e2teau, gr\u00e2ce aux teintes orange et jaune, aux tourelles et aux caract\u00e9ristiques de conception uniques.","og_url":"https:\/\/ocastelo.net\/fr\/a-propos-de-o-castelo\/","og_site_name":"O Castelo Guest House","article_modified_time":"2021-09-25T13:34:06+00:00","og_image":[{"width":1030,"height":687,"url":"https:\/\/ocastelo.net\/wp-content\/uploads\/2021\/02\/O-Castelo-Guesthouse-Property-003.jpg","type":"image\/jpeg"}],"twitter_card":"summary_large_image","twitter_misc":{"Dur\u00e9e de lecture estim\u00e9e":"7 minutes"},"schema":{"@context":"https:\/\/schema.org","@graph":[{"@type":"WebPage","@id":"https:\/\/ocastelo.net\/fr\/a-propos-de-o-castelo\/","url":"https:\/\/ocastelo.net\/fr\/a-propos-de-o-castelo\/","name":"A propos de O Castelo - O Castelo Guest House","isPartOf":{"@id":"https:\/\/ocastelo.net\/fr\/#website"},"primaryImageOfPage":{"@id":"https:\/\/ocastelo.net\/fr\/a-propos-de-o-castelo\/#primaryimage"},"image":{"@id":"https:\/\/ocastelo.net\/fr\/a-propos-de-o-castelo\/#primaryimage"},"thumbnailUrl":"https:\/\/ocastelo.net\/wp-content\/uploads\/2021\/02\/O-Castelo-Guesthouse-Property-003.jpg","datePublished":"2021-02-26T14:25:55+00:00","dateModified":"2021-09-25T13:34:06+00:00","description":"Ressemblant \u00e0 l'apparence d'un vieux ch\u00e2teau, gr\u00e2ce aux teintes orange et jaune, aux tourelles et aux caract\u00e9ristiques de conception uniques.","breadcrumb":{"@id":"https:\/\/ocastelo.net\/fr\/a-propos-de-o-castelo\/#breadcrumb"},"inLanguage":"fr-FR","potentialAction":[{"@type":"ReadAction","target":["https:\/\/ocastelo.net\/fr\/a-propos-de-o-castelo\/"]}]},{"@type":"ImageObject","inLanguage":"fr-FR","@id":"https:\/\/ocastelo.net\/fr\/a-propos-de-o-castelo\/#primaryimage","url":"https:\/\/ocastelo.net\/wp-content\/uploads\/2021\/02\/O-Castelo-Guesthouse-Property-003.jpg","contentUrl":"https:\/\/ocastelo.net\/wp-content\/uploads\/2021\/02\/O-Castelo-Guesthouse-Property-003.jpg","width":1030,"height":687,"caption":"REGALO PERFECTO"},{"@type":"BreadcrumbList","@id":"https:\/\/ocastelo.net\/fr\/a-propos-de-o-castelo\/#breadcrumb","itemListElement":[{"@type":"ListItem","position":1,"name":"Home","item":"https:\/\/ocastelo.net\/fr\/"},{"@type":"ListItem","position":2,"name":"A propos de O Castelo"}]},{"@type":"WebSite","@id":"https:\/\/ocastelo.net\/fr\/#website","url":"https:\/\/ocastelo.net\/fr\/","name":"O Castelo Guest House","description":"Boutique B&amp;B overlooking Carvoeiro Beach, Algarve, Portugal","potentialAction":[{"@type":"SearchAction","target":{"@type":"EntryPoint","urlTemplate":"https:\/\/ocastelo.net\/fr\/?s={search_term_string}"},"query-input":{"@type":"PropertyValueSpecification","valueRequired":true,"valueName":"search_term_string"}}],"inLanguage":"fr-FR"}]}},"_links":{"self":[{"href":"https:\/\/ocastelo.net\/fr\/wp-json\/wp\/v2\/pages\/1581","targetHints":{"allow":["GET"]}}],"collection":[{"href":"https:\/\/ocastelo.net\/fr\/wp-json\/wp\/v2\/pages"}],"about":[{"href":"https:\/\/ocastelo.net\/fr\/wp-json\/wp\/v2\/types\/page"}],"author":[{"embeddable":true,"href":"https:\/\/ocastelo.net\/fr\/wp-json\/wp\/v2\/users\/1"}],"replies":[{"embeddable":true,"href":"https:\/\/ocastelo.net\/fr\/wp-json\/wp\/v2\/comments?post=1581"}],"version-history":[{"count":10,"href":"https:\/\/ocastelo.net\/fr\/wp-json\/wp\/v2\/pages\/1581\/revisions"}],"predecessor-version":[{"id":2796,"href":"https:\/\/ocastelo.net\/fr\/wp-json\/wp\/v2\/pages\/1581\/revisions\/2796"}],"wp:featuredmedia":[{"embeddable":true,"href":"https:\/\/ocastelo.net\/fr\/wp-json\/wp\/v2\/media\/1325"}],"wp:attachment":[{"href":"https:\/\/ocastelo.net\/fr\/wp-json\/wp\/v2\/media?parent=1581"}],"curies":[{"name":"wp","href":"https:\/\/api.w.org\/{rel}","templated":true}]}}