{"id":1593,"date":"2021-02-26T14:53:00","date_gmt":"2021-02-26T14:53:00","guid":{"rendered":"https:\/\/ocastelo.net\/nous-contacter\/"},"modified":"2026-02-21T11:50:36","modified_gmt":"2026-02-21T11:50:36","slug":"nous-contacter","status":"publish","type":"page","link":"https:\/\/ocastelo.net\/fr\/nous-contacter\/","title":{"rendered":"Nous contacter"},"content":{"rendered":"<div id='full_slider_1'  class='avia-fullwidth-slider main_color avia-shadow   avia-builder-el-0  el_before_av_section  avia-builder-el-first   container_wrap fullsize'  ><div  class='avia-slideshow av-kjsmoba3-92fee7daa86447e6d5cde7dcdcefd3d6 avia-slideshow-featured_large av_slideshow_full avia-fade-slider av-slideshow-ui av-control-minimal av-slideshow-autoplay av-loop-endless av-loop-manual-endless av-default-height-applied   avia-slideshow-1' data-slideshow-options=\"{&quot;animation&quot;:&quot;fade&quot;,&quot;autoplay&quot;:true,&quot;loop_autoplay&quot;:&quot;endless&quot;,&quot;interval&quot;:4,&quot;loop_manual&quot;:&quot;manual-endless&quot;,&quot;autoplay_stopper&quot;:false,&quot;noNavigation&quot;:false,&quot;bg_slider&quot;:false,&quot;keep_padding&quot;:false,&quot;hoverpause&quot;:false,&quot;show_slide_delay&quot;:0}\"  itemprop=\"image\" itemscope=\"itemscope\" itemtype=\"https:\/\/schema.org\/ImageObject\" ><ul class='avia-slideshow-inner ' style='padding-bottom: 42%;'><li  class='avia-slideshow-slide av-kjsmoba3-92fee7daa86447e6d5cde7dcdcefd3d6__0  av-single-slide slide-1 slide-odd'><div data-rel='slideshow-1' class='avia-slide-wrap '   ><img decoding=\"async\" class=\"wp-image-1322 avia-img-lazy-loading-not-1322\"  src=\"https:\/\/ocastelo.net\/wp-content\/uploads\/2021\/02\/About-Castelo.jpg\" width=\"1500\" height=\"630\" title='About-Castelo' alt=''  itemprop=\"thumbnailUrl\" srcset=\"https:\/\/ocastelo.net\/wp-content\/uploads\/2021\/02\/About-Castelo.jpg 1500w, https:\/\/ocastelo.net\/wp-content\/uploads\/2021\/02\/About-Castelo-300x126.jpg 300w, https:\/\/ocastelo.net\/wp-content\/uploads\/2021\/02\/About-Castelo-1030x433.jpg 1030w, https:\/\/ocastelo.net\/wp-content\/uploads\/2021\/02\/About-Castelo-768x323.jpg 768w, https:\/\/ocastelo.net\/wp-content\/uploads\/2021\/02\/About-Castelo-705x296.jpg 705w\" sizes=\"(max-width: 1500px) 100vw, 1500px\" \/><\/div><\/li><\/ul><\/div><\/div>\n<div id='av_section_1'  class='avia-section av-8gb2-6a387e77b65abfdb3dfb5a2cbe2017ff main_color avia-section-large avia-no-border-styling  avia-builder-el-1  el_after_av_slideshow_full  el_before_av_google_map  avia-bg-style-scroll container_wrap fullsize'  ><div class='container av-section-cont-open' ><div class='template-page content  av-content-full alpha units'><div class='post-entry post-entry-type-page post-entry-1593'><div class='entry-content-wrapper clearfix'>\n\n<style type=\"text\/css\" data-created_by=\"avia_inline_auto\" id=\"style-css-av-kkmb812n-a67ed0f67eaaafe7e20f98bf72785d5c\">\n.flex_column.av-kkmb812n-a67ed0f67eaaafe7e20f98bf72785d5c{\n-webkit-border-radius:0px 0px 0px 0px;\n-moz-border-radius:0px 0px 0px 0px;\nborder-radius:0px 0px 0px 0px;\npadding:0px 0px 0px 0px;\n}\n<\/style>\n<div class='flex_column av-kkmb812n-a67ed0f67eaaafe7e20f98bf72785d5c av_one_full  avia-builder-el-2  el_before_av_three_fifth  avia-builder-el-first  first flex_column_div av-zero-column-padding '     ><section  class='av_textblock_section av-kiei5oto-96aaaf94a3d5c644d08621c2404a2c64'  itemscope=\"itemscope\" itemtype=\"https:\/\/schema.org\/CreativeWork\" ><div class='avia_textblock'  itemprop=\"text\" ><h1 style=\"text-align: left;\">CONTACTEZ-NOUS<\/h1>\n<\/div><\/section><\/div>\n<style type=\"text\/css\" data-created_by=\"avia_inline_auto\" id=\"style-css-av-223u-070d67692d775ede15dc84dd8b774063\">\n#top .flex_column.av-223u-070d67692d775ede15dc84dd8b774063{\nmargin-top:0px;\nmargin-bottom:0px;\n}\n.flex_column.av-223u-070d67692d775ede15dc84dd8b774063{\n-webkit-border-radius:0px 0px 0px 0px;\n-moz-border-radius:0px 0px 0px 0px;\nborder-radius:0px 0px 0px 0px;\npadding:0px 0px 0px 0px;\n}\n.responsive #top #wrap_all .flex_column.av-223u-070d67692d775ede15dc84dd8b774063{\nmargin-top:0px;\nmargin-bottom:0px;\n}\n<\/style>\n<div class='flex_column av-223u-070d67692d775ede15dc84dd8b774063 av_three_fifth  avia-builder-el-4  el_after_av_one_full  el_before_av_two_fifth  first flex_column_div av-zero-column-padding column-top-margin'     id=\"roomdesc\"  ><p><section  class='av_textblock_section av-kiei5oto-96aaaf94a3d5c644d08621c2404a2c64'  itemscope=\"itemscope\" itemtype=\"https:\/\/schema.org\/CreativeWork\" ><div class='avia_textblock'  itemprop=\"text\" ><p>Si vous souhaitez contacter O Castelo Guest House, veuillez le faire en utilisant le formulaire de contact ou les coordonn\u00e9es ci-dessous.<\/p>\n<p>Veuillez vous assurer de fournir les d\u00e9tails de la r\u00e9servation afin que nous puissions g\u00e9rer efficacement votre demande.<\/p>\n<\/div><\/section><br \/>\n<form action=\"https:\/\/ocastelo.net\/fr\/nous-contacter\/\" method=\"post\"  class=\"avia_ajax_form av-form-labels-hidden   avia-builder-el-6  el_after_av_textblock  avia-builder-el-last   \" data-avia-form-id=\"1\" data-avia-redirect='' ><fieldset><p class='  first_form  form_element form_fullwidth' id='element_avia_1_1'><label for=\"avia_1_1\">Nom <abbr class=\"required\" title=\"requis(e)\">*<\/abbr><\/label> <input name=\"avia_1_1\" class=\"text_input is_empty\" type=\"text\" id=\"avia_1_1\" value=\"\"  placeholder='Nom*'\/><\/p><p class='  first_form  form_element form_fullwidth' id='element_avia_2_1'><label for=\"avia_2_1\">E-mail <abbr class=\"required\" title=\"requis(e)\">*<\/abbr><\/label> <input name=\"avia_2_1\" class=\"text_input is_email\" type=\"text\" id=\"avia_2_1\" value=\"\"  placeholder='E-mail*'\/><\/p><p class='  first_form  form_element form_fullwidth' id='element_avia_3_1'><label for=\"avia_3_1\">Votre num\u00e9ro de t\u00e9l\u00e9phone <abbr class=\"required\" title=\"requis(e)\">*<\/abbr><\/label> <input name=\"avia_3_1\" class=\"text_input is_empty\" type=\"text\" id=\"avia_3_1\" value=\"\"  placeholder='Votre num\u00e9ro de t\u00e9l\u00e9phone*'\/><\/p><p class='  first_form  form_element form_fullwidth' id='element_avia_4_1'><label for=\"avia_4_1\">Motif du contact: <abbr class=\"required\" title=\"requis(e)\">*<\/abbr><\/label> <input name=\"avia_4_1\" class=\"text_input is_empty\" type=\"text\" id=\"avia_4_1\" value=\"\"  placeholder='Motif du contact:*'\/><\/p><p class='  first_form  form_element form_fullwidth av-last-visible-form-element' id='element_avia_5_1'><label for=\"avia_5_1\" class=\"textare_label hidden textare_label_avia_5_1\">Votre message <abbr class=\"required\" title=\"requis(e)\">*<\/abbr><\/label><textarea  placeholder='Votre message*' name=\"avia_5_1\" class=\"text_area is_empty\" cols=\"40\" rows=\"7\" id=\"avia_5_1\" ><\/textarea><\/p><p class=\"hidden\"><input type=\"text\" name=\"avia_6_1\" class=\"hidden \" id=\"avia_6_1\" value=\"\" \/><\/p><p class=\"form_element \"><input type=\"hidden\" value=\"1\" name=\"avia_generated_form1\" \/><input type=\"submit\" value=\"ENVOYER\" class=\"button\"  data-sending-label=\"Envoi\"\/><\/p><\/fieldset><\/form><div id=\"ajaxresponse_1\" class=\"ajaxresponse ajaxresponse_1 hidden\"><\/div><\/p><\/div>\n<style type=\"text\/css\" data-created_by=\"avia_inline_auto\" id=\"style-css-av-i9aa-e2e2deb0b4e30a8c5ad85110d622b1b1\">\n#top .flex_column.av-i9aa-e2e2deb0b4e30a8c5ad85110d622b1b1{\nmargin-top:0px;\nmargin-bottom:0px;\n}\n.flex_column.av-i9aa-e2e2deb0b4e30a8c5ad85110d622b1b1{\n-webkit-border-radius:0px 0px 0px 0px;\n-moz-border-radius:0px 0px 0px 0px;\nborder-radius:0px 0px 0px 0px;\npadding:0px 0px 0px 0px;\n}\n.responsive #top #wrap_all .flex_column.av-i9aa-e2e2deb0b4e30a8c5ad85110d622b1b1{\nmargin-top:0px;\nmargin-bottom:0px;\n}\n<\/style>\n<div class='flex_column av-i9aa-e2e2deb0b4e30a8c5ad85110d622b1b1 av_two_fifth  avia-builder-el-7  el_after_av_three_fifth  avia-builder-el-last  flex_column_div av-zero-column-padding column-top-margin'     id=\"availabilitybox\"  ><style type=\"text\/css\" data-created_by=\"avia_inline_auto\" id=\"style-css-av-kkqr3zay-a41c07dfd7b949f6ec028ab501d592ca\">\n#top .avia-icon-list-container.av-kkqr3zay-a41c07dfd7b949f6ec028ab501d592ca .iconlist_icon{\nbackground-color:#0075d5;\n}\n<\/style>\n<div  class='avia-icon-list-container av-kkqr3zay-a41c07dfd7b949f6ec028ab501d592ca  avia-builder-el-8  avia-builder-el-no-sibling '><ul class='avia-icon-list avia_animate_when_almost_visible avia-icon-list-left av-iconlist-big av-kkqr3zay-a41c07dfd7b949f6ec028ab501d592ca avia-iconlist-animate'>\n<li><div class='iconlist_icon av-vc1p7-d8b025eb9c0f7dccab8a8daf5f3158a4 avia-font-entypo-fontello'><span class='iconlist-char' aria-hidden='true' data-av_icon='\ue83c' data-av_iconfont='entypo-fontello'><\/span><\/div><article class=\"article-icon-entry \"  itemscope=\"itemscope\" itemtype=\"https:\/\/schema.org\/CreativeWork\" ><div class=\"iconlist_content_wrap\"><header class=\"entry-content-header\"><\/header><div class='iconlist_content '  itemprop=\"text\" ><p class=\"p1\"><span class=\"s1\">geral.ocasteloguesthouse@gmail.com<\/span><\/p>\n<\/div><\/div><footer class=\"entry-footer\"><\/footer><\/article><div class=\"iconlist-timeline\"><\/div><\/li>\n<li><div class='iconlist_icon av-p39vn-33679056fd6fcc94b7a924a220bd469a avia-font-entypo-fontello'><span class='iconlist-char' aria-hidden='true' data-av_icon='\ue854' data-av_iconfont='entypo-fontello'><\/span><\/div><article class=\"article-icon-entry \"  itemscope=\"itemscope\" itemtype=\"https:\/\/schema.org\/CreativeWork\" ><div class=\"iconlist_content_wrap\"><header class=\"entry-content-header\"><\/header><div class='iconlist_content '  itemprop=\"text\" ><p class=\"p1\"><span class=\"s1\">T\u00e9l\u00e9phone g\u00e9n\u00e9ral: +351 282 083 518<br \/>\n<\/span><em>Appel vers le r\u00e9seau fixe national<\/em><\/p>\n<p class=\"p1\"><span class=\"s1\">T\u00e9l\u00e9phone pour les r\u00e9servations: +351 928 033 832<br \/>\n<\/span><em>Appeler vers le r\u00e9seau mobile national<\/em><\/p>\n<\/div><\/div><footer class=\"entry-footer\"><\/footer><\/article><div class=\"iconlist-timeline\"><\/div><\/li>\n<li><div class='iconlist_icon av-jfoej-97bb4422d6b64794c7252fc3adee43dd avia-font-entypo-fontello'><span class='iconlist-char' aria-hidden='true' data-av_icon='\uf232' data-av_iconfont='entypo-fontello'><\/span><\/div><article class=\"article-icon-entry \"  itemscope=\"itemscope\" itemtype=\"https:\/\/schema.org\/CreativeWork\" ><div class=\"iconlist_content_wrap\"><header class=\"entry-content-header\"><\/header><div class='iconlist_content '  itemprop=\"text\" ><p><a href=\"https:\/\/api.whatsapp.com\/message\/6I5C5BOE6Q7DN1\" target=\"_blank\" rel=\"noopener\">Contatez-nous sur Whatsapp<\/a><\/p>\n<\/div><\/div><footer class=\"entry-footer\"><\/footer><\/article><div class=\"iconlist-timeline\"><\/div><\/li>\n<li><div class='iconlist_icon av-e5jhv-f68e3b2f8487a4a02d109943a5a51722 avia-font-entypo-fontello'><span class='iconlist-char' aria-hidden='true' data-av_icon='\ue842' data-av_iconfont='entypo-fontello'><\/span><\/div><article class=\"article-icon-entry \"  itemscope=\"itemscope\" itemtype=\"https:\/\/schema.org\/CreativeWork\" ><div class=\"iconlist_content_wrap\"><header class=\"entry-content-header\"><\/header><div class='iconlist_content '  itemprop=\"text\" ><p>O Castelo Guest House<br \/>\nRua do Casino, 59-63<br \/>\n8400-515 Carvoeiro, Algarve<br \/>\nPortugal<\/p>\n<\/div><\/div><footer class=\"entry-footer\"><\/footer><\/article><div class=\"iconlist-timeline\"><\/div><\/li>\n<li><div class='iconlist_icon av-ktzw5uw9-43c0e316db137afc4b4c9df3aca34178 avia-font-entypo-fontello'><span class='iconlist-char' aria-hidden='true' data-av_icon='\ue8f4' data-av_iconfont='entypo-fontello'><\/span><\/div><article class=\"article-icon-entry \"  itemscope=\"itemscope\" itemtype=\"https:\/\/schema.org\/CreativeWork\" ><div class=\"iconlist_content_wrap\"><header class=\"entry-content-header\"><\/header><div class='iconlist_content '  itemprop=\"text\" ><p><a href=\"https:\/\/www.facebook.com\/CasteloGuestHouse\/\" target=\"_blank\" rel=\"noopener\">Facebook<\/a><\/p>\n<p><a href=\"https:\/\/www.instagram.com\/casteloguesthouse\/\" target=\"_blank\" rel=\"noopener\">Instagram<\/a><\/p>\n<\/div><\/div><footer class=\"entry-footer\"><\/footer><\/article><div class=\"iconlist-timeline\"><\/div><\/li>\n<\/ul><\/div><\/div><div  class='av_gmaps_sc_main_wrap av_gmaps_main_wrap '><div id='av_gmap_0' class='avia-google-map-container avia-google-map-sc av_gmaps_show_unconditionally av-no-fallback-img ' data-mapid='av_gmap_0'  style='height: 400px;'><a class=\"av_gmaps_browser_disabled av_text_confirm_link av_text_confirm_link_visible\" href=\"https:\/\/www.google.com\/maps\/search\/?api=1&#038;query=Maison%20d\u2019h\u00f4tes%20O%20Castelo%20\u00e0%20Rua%20do%20Casino%208400-515%20CARVOEIRO%20-%20LAGO%20%20le%20Portugal\" target=\"_blank\" rel=\"noopener\">Les cartes ont \u00e9t\u00e9 d\u00e9sactiv\u00e9es par le visiteur sur ce site. Cliquer pour ouvrir la carte dans une nouvelle fen\u00eatre.<\/a><\/div><\/div><\/p>\n","protected":false},"excerpt":{"rendered":"","protected":false},"author":1,"featured_media":1273,"parent":0,"menu_order":0,"comment_status":"closed","ping_status":"closed","template":"","meta":{"footnotes":""},"class_list":["post-1593","page","type-page","status-publish","has-post-thumbnail","hentry"],"yoast_head":"<!-- This site is optimized with the Yoast SEO plugin v27.4 - https:\/\/yoast.com\/product\/yoast-seo-wordpress\/ -->\n<title>Nous contacter - O Castelo Guest House<\/title>\n<meta name=\"description\" content=\"Si vous souhaitez contacter O Castelo Guest House, veuillez le faire en utilisant le formulaire de contact, ou les coordonn\u00e9es, sur cette page.\" \/>\n<meta name=\"robots\" content=\"index, follow, max-snippet:-1, max-image-preview:large, max-video-preview:-1\" \/>\n<link rel=\"canonical\" href=\"https:\/\/ocastelo.net\/fr\/nous-contacter\/\" \/>\n<meta property=\"og:locale\" content=\"fr_FR\" \/>\n<meta property=\"og:type\" content=\"article\" \/>\n<meta property=\"og:title\" content=\"Nous contacter - O Castelo Guest House\" \/>\n<meta property=\"og:description\" content=\"Si vous souhaitez contacter O Castelo Guest House, veuillez le faire en utilisant le formulaire de contact, ou les coordonn\u00e9es, sur cette page.\" \/>\n<meta property=\"og:url\" content=\"https:\/\/ocastelo.net\/fr\/nous-contacter\/\" \/>\n<meta property=\"og:site_name\" content=\"O Castelo Guest House\" \/>\n<meta property=\"article:modified_time\" content=\"2026-02-21T11:50:36+00:00\" \/>\n<meta property=\"og:image\" content=\"https:\/\/ocastelo.net\/wp-content\/uploads\/2021\/02\/O-Castelo-Guest-House-Room8-L.jpg\" \/>\n\t<meta property=\"og:image:width\" content=\"2048\" \/>\n\t<meta property=\"og:image:height\" content=\"1366\" \/>\n\t<meta property=\"og:image:type\" content=\"image\/jpeg\" \/>\n<meta name=\"twitter:card\" content=\"summary_large_image\" \/>\n<meta name=\"twitter:label1\" content=\"Dur\u00e9e de lecture estim\u00e9e\" \/>\n\t<meta name=\"twitter:data1\" content=\"1 minute\" \/>\n<script type=\"application\/ld+json\" class=\"yoast-schema-graph\">{\"@context\":\"https:\\\/\\\/schema.org\",\"@graph\":[{\"@type\":\"WebPage\",\"@id\":\"https:\\\/\\\/ocastelo.net\\\/fr\\\/nous-contacter\\\/\",\"url\":\"https:\\\/\\\/ocastelo.net\\\/fr\\\/nous-contacter\\\/\",\"name\":\"Nous contacter - O Castelo Guest House\",\"isPartOf\":{\"@id\":\"https:\\\/\\\/ocastelo.net\\\/fr\\\/#website\"},\"primaryImageOfPage\":{\"@id\":\"https:\\\/\\\/ocastelo.net\\\/fr\\\/nous-contacter\\\/#primaryimage\"},\"image\":{\"@id\":\"https:\\\/\\\/ocastelo.net\\\/fr\\\/nous-contacter\\\/#primaryimage\"},\"thumbnailUrl\":\"https:\\\/\\\/ocastelo.net\\\/wp-content\\\/uploads\\\/2021\\\/02\\\/O-Castelo-Guest-House-Room8-L.jpg\",\"datePublished\":\"2021-02-26T14:53:00+00:00\",\"dateModified\":\"2026-02-21T11:50:36+00:00\",\"description\":\"Si vous souhaitez contacter O Castelo Guest House, veuillez le faire en utilisant le formulaire de contact, ou les coordonn\u00e9es, sur cette page.\",\"breadcrumb\":{\"@id\":\"https:\\\/\\\/ocastelo.net\\\/fr\\\/nous-contacter\\\/#breadcrumb\"},\"inLanguage\":\"fr-FR\",\"potentialAction\":[{\"@type\":\"ReadAction\",\"target\":[\"https:\\\/\\\/ocastelo.net\\\/fr\\\/nous-contacter\\\/\"]}]},{\"@type\":\"ImageObject\",\"inLanguage\":\"fr-FR\",\"@id\":\"https:\\\/\\\/ocastelo.net\\\/fr\\\/nous-contacter\\\/#primaryimage\",\"url\":\"https:\\\/\\\/ocastelo.net\\\/wp-content\\\/uploads\\\/2021\\\/02\\\/O-Castelo-Guest-House-Room8-L.jpg\",\"contentUrl\":\"https:\\\/\\\/ocastelo.net\\\/wp-content\\\/uploads\\\/2021\\\/02\\\/O-Castelo-Guest-House-Room8-L.jpg\",\"width\":2048,\"height\":1366,\"caption\":\"O Castelo Guesthouse\"},{\"@type\":\"BreadcrumbList\",\"@id\":\"https:\\\/\\\/ocastelo.net\\\/fr\\\/nous-contacter\\\/#breadcrumb\",\"itemListElement\":[{\"@type\":\"ListItem\",\"position\":1,\"name\":\"Home\",\"item\":\"https:\\\/\\\/ocastelo.net\\\/fr\\\/\"},{\"@type\":\"ListItem\",\"position\":2,\"name\":\"Nous contacter\"}]},{\"@type\":\"WebSite\",\"@id\":\"https:\\\/\\\/ocastelo.net\\\/fr\\\/#website\",\"url\":\"https:\\\/\\\/ocastelo.net\\\/fr\\\/\",\"name\":\"O Castelo Guest House\",\"description\":\"Boutique B&amp;B overlooking Carvoeiro Beach, Algarve, Portugal\",\"potentialAction\":[{\"@type\":\"SearchAction\",\"target\":{\"@type\":\"EntryPoint\",\"urlTemplate\":\"https:\\\/\\\/ocastelo.net\\\/fr\\\/?s={search_term_string}\"},\"query-input\":{\"@type\":\"PropertyValueSpecification\",\"valueRequired\":true,\"valueName\":\"search_term_string\"}}],\"inLanguage\":\"fr-FR\"}]}<\/script>\n<!-- \/ Yoast SEO plugin. -->","yoast_head_json":{"title":"Nous contacter - O Castelo Guest House","description":"Si vous souhaitez contacter O Castelo Guest House, veuillez le faire en utilisant le formulaire de contact, ou les coordonn\u00e9es, sur cette page.","robots":{"index":"index","follow":"follow","max-snippet":"max-snippet:-1","max-image-preview":"max-image-preview:large","max-video-preview":"max-video-preview:-1"},"canonical":"https:\/\/ocastelo.net\/fr\/nous-contacter\/","og_locale":"fr_FR","og_type":"article","og_title":"Nous contacter - O Castelo Guest House","og_description":"Si vous souhaitez contacter O Castelo Guest House, veuillez le faire en utilisant le formulaire de contact, ou les coordonn\u00e9es, sur cette page.","og_url":"https:\/\/ocastelo.net\/fr\/nous-contacter\/","og_site_name":"O Castelo Guest House","article_modified_time":"2026-02-21T11:50:36+00:00","og_image":[{"width":2048,"height":1366,"url":"https:\/\/ocastelo.net\/wp-content\/uploads\/2021\/02\/O-Castelo-Guest-House-Room8-L.jpg","type":"image\/jpeg"}],"twitter_card":"summary_large_image","twitter_misc":{"Dur\u00e9e de lecture estim\u00e9e":"1 minute"},"schema":{"@context":"https:\/\/schema.org","@graph":[{"@type":"WebPage","@id":"https:\/\/ocastelo.net\/fr\/nous-contacter\/","url":"https:\/\/ocastelo.net\/fr\/nous-contacter\/","name":"Nous contacter - O Castelo Guest House","isPartOf":{"@id":"https:\/\/ocastelo.net\/fr\/#website"},"primaryImageOfPage":{"@id":"https:\/\/ocastelo.net\/fr\/nous-contacter\/#primaryimage"},"image":{"@id":"https:\/\/ocastelo.net\/fr\/nous-contacter\/#primaryimage"},"thumbnailUrl":"https:\/\/ocastelo.net\/wp-content\/uploads\/2021\/02\/O-Castelo-Guest-House-Room8-L.jpg","datePublished":"2021-02-26T14:53:00+00:00","dateModified":"2026-02-21T11:50:36+00:00","description":"Si vous souhaitez contacter O Castelo Guest House, veuillez le faire en utilisant le formulaire de contact, ou les coordonn\u00e9es, sur cette page.","breadcrumb":{"@id":"https:\/\/ocastelo.net\/fr\/nous-contacter\/#breadcrumb"},"inLanguage":"fr-FR","potentialAction":[{"@type":"ReadAction","target":["https:\/\/ocastelo.net\/fr\/nous-contacter\/"]}]},{"@type":"ImageObject","inLanguage":"fr-FR","@id":"https:\/\/ocastelo.net\/fr\/nous-contacter\/#primaryimage","url":"https:\/\/ocastelo.net\/wp-content\/uploads\/2021\/02\/O-Castelo-Guest-House-Room8-L.jpg","contentUrl":"https:\/\/ocastelo.net\/wp-content\/uploads\/2021\/02\/O-Castelo-Guest-House-Room8-L.jpg","width":2048,"height":1366,"caption":"O Castelo Guesthouse"},{"@type":"BreadcrumbList","@id":"https:\/\/ocastelo.net\/fr\/nous-contacter\/#breadcrumb","itemListElement":[{"@type":"ListItem","position":1,"name":"Home","item":"https:\/\/ocastelo.net\/fr\/"},{"@type":"ListItem","position":2,"name":"Nous contacter"}]},{"@type":"WebSite","@id":"https:\/\/ocastelo.net\/fr\/#website","url":"https:\/\/ocastelo.net\/fr\/","name":"O Castelo Guest House","description":"Boutique B&amp;B overlooking Carvoeiro Beach, Algarve, Portugal","potentialAction":[{"@type":"SearchAction","target":{"@type":"EntryPoint","urlTemplate":"https:\/\/ocastelo.net\/fr\/?s={search_term_string}"},"query-input":{"@type":"PropertyValueSpecification","valueRequired":true,"valueName":"search_term_string"}}],"inLanguage":"fr-FR"}]}},"_links":{"self":[{"href":"https:\/\/ocastelo.net\/fr\/wp-json\/wp\/v2\/pages\/1593","targetHints":{"allow":["GET"]}}],"collection":[{"href":"https:\/\/ocastelo.net\/fr\/wp-json\/wp\/v2\/pages"}],"about":[{"href":"https:\/\/ocastelo.net\/fr\/wp-json\/wp\/v2\/types\/page"}],"author":[{"embeddable":true,"href":"https:\/\/ocastelo.net\/fr\/wp-json\/wp\/v2\/users\/1"}],"replies":[{"embeddable":true,"href":"https:\/\/ocastelo.net\/fr\/wp-json\/wp\/v2\/comments?post=1593"}],"version-history":[{"count":9,"href":"https:\/\/ocastelo.net\/fr\/wp-json\/wp\/v2\/pages\/1593\/revisions"}],"predecessor-version":[{"id":3301,"href":"https:\/\/ocastelo.net\/fr\/wp-json\/wp\/v2\/pages\/1593\/revisions\/3301"}],"wp:featuredmedia":[{"embeddable":true,"href":"https:\/\/ocastelo.net\/fr\/wp-json\/wp\/v2\/media\/1273"}],"wp:attachment":[{"href":"https:\/\/ocastelo.net\/fr\/wp-json\/wp\/v2\/media?parent=1593"}],"curies":[{"name":"wp","href":"https:\/\/api.w.org\/{rel}","templated":true}]}}