{"id":1597,"date":"2021-02-26T14:53:28","date_gmt":"2021-02-26T14:53:28","guid":{"rendered":"https:\/\/ocastelo.net\/hotel-qui-accepte-les-chiens-en-algarve-carvoeiro-pour-les-animaux-de-compagnie\/"},"modified":"2021-09-25T13:48:46","modified_gmt":"2021-09-25T13:48:46","slug":"hotel-qui-accepte-les-chiens-en-algarve-carvoeiro-pour-les-animaux-de-compagnie","status":"publish","type":"page","link":"https:\/\/ocastelo.net\/fr\/hotel-qui-accepte-les-chiens-en-algarve-carvoeiro-pour-les-animaux-de-compagnie\/","title":{"rendered":"H\u00f4tel qui accepte les chiens en Algarve, Carvoeiro pour les animaux de compagnie"},"content":{"rendered":"<div id='full_slider_1'  class='avia-fullwidth-slider main_color avia-shadow   avia-builder-el-0  el_before_av_section  avia-builder-el-first   container_wrap fullsize'  ><div  class='avia-slideshow av-kjsmoba3-92fee7daa86447e6d5cde7dcdcefd3d6 avia-slideshow-featured_large av_slideshow_full avia-fade-slider av-slideshow-ui av-control-minimal av-slideshow-autoplay av-loop-endless av-loop-manual-endless av-default-height-applied   avia-slideshow-1' data-slideshow-options=\"{&quot;animation&quot;:&quot;fade&quot;,&quot;autoplay&quot;:true,&quot;loop_autoplay&quot;:&quot;endless&quot;,&quot;interval&quot;:4,&quot;loop_manual&quot;:&quot;manual-endless&quot;,&quot;autoplay_stopper&quot;:false,&quot;noNavigation&quot;:false,&quot;bg_slider&quot;:false,&quot;keep_padding&quot;:false,&quot;hoverpause&quot;:false,&quot;show_slide_delay&quot;:0}\"  itemprop=\"image\" itemscope=\"itemscope\" itemtype=\"https:\/\/schema.org\/ImageObject\" ><ul class='avia-slideshow-inner ' style='padding-bottom: 42%;'><li  class='avia-slideshow-slide av-kjsmoba3-92fee7daa86447e6d5cde7dcdcefd3d6__0  av-single-slide slide-1 slide-odd'><div data-rel='slideshow-1' class='avia-slide-wrap '   ><img decoding=\"async\" class=\"wp-image-1322 avia-img-lazy-loading-not-1322\"  src=\"https:\/\/ocastelo.net\/wp-content\/uploads\/2021\/02\/About-Castelo.jpg\" width=\"1500\" height=\"630\" title='About-Castelo' alt=''  itemprop=\"thumbnailUrl\" srcset=\"https:\/\/ocastelo.net\/wp-content\/uploads\/2021\/02\/About-Castelo.jpg 1500w, https:\/\/ocastelo.net\/wp-content\/uploads\/2021\/02\/About-Castelo-300x126.jpg 300w, https:\/\/ocastelo.net\/wp-content\/uploads\/2021\/02\/About-Castelo-1030x433.jpg 1030w, https:\/\/ocastelo.net\/wp-content\/uploads\/2021\/02\/About-Castelo-768x323.jpg 768w, https:\/\/ocastelo.net\/wp-content\/uploads\/2021\/02\/About-Castelo-705x296.jpg 705w\" sizes=\"(max-width: 1500px) 100vw, 1500px\" \/><\/div><\/li><\/ul><\/div><\/div>\n<div id='av_section_1'  class='avia-section av-8gb2-6a387e77b65abfdb3dfb5a2cbe2017ff main_color avia-section-large avia-no-border-styling  avia-builder-el-1  el_after_av_slideshow_full  el_before_av_section  avia-bg-style-scroll container_wrap fullsize'  ><div class='container av-section-cont-open' ><div class='template-page content  av-content-full alpha units'><div class='post-entry post-entry-type-page post-entry-1597'><div class='entry-content-wrapper clearfix'>\n\n<style type=\"text\/css\" data-created_by=\"avia_inline_auto\" id=\"style-css-av-kkmb812n-a67ed0f67eaaafe7e20f98bf72785d5c\">\n.flex_column.av-kkmb812n-a67ed0f67eaaafe7e20f98bf72785d5c{\n-webkit-border-radius:0px 0px 0px 0px;\n-moz-border-radius:0px 0px 0px 0px;\nborder-radius:0px 0px 0px 0px;\npadding:0px 0px 0px 0px;\n}\n<\/style>\n<div class='flex_column av-kkmb812n-a67ed0f67eaaafe7e20f98bf72785d5c av_one_full  avia-builder-el-2  el_before_av_three_fifth  avia-builder-el-first  first flex_column_div av-zero-column-padding '     ><section  class='av_textblock_section av-kiei5oto-96aaaf94a3d5c644d08621c2404a2c64'  itemscope=\"itemscope\" itemtype=\"https:\/\/schema.org\/CreativeWork\" ><div class='avia_textblock'  itemprop=\"text\" ><h1 style=\"text-align: left;\">ANIMAUX DE<strong> COMPAGNIE <\/strong><\/h1>\n<\/div><\/section><\/div>\n<style type=\"text\/css\" data-created_by=\"avia_inline_auto\" id=\"style-css-av-223u-070d67692d775ede15dc84dd8b774063\">\n#top .flex_column.av-223u-070d67692d775ede15dc84dd8b774063{\nmargin-top:0px;\nmargin-bottom:0px;\n}\n.flex_column.av-223u-070d67692d775ede15dc84dd8b774063{\n-webkit-border-radius:0px 0px 0px 0px;\n-moz-border-radius:0px 0px 0px 0px;\nborder-radius:0px 0px 0px 0px;\npadding:0px 0px 0px 0px;\n}\n.responsive #top #wrap_all .flex_column.av-223u-070d67692d775ede15dc84dd8b774063{\nmargin-top:0px;\nmargin-bottom:0px;\n}\n<\/style>\n<div class='flex_column av-223u-070d67692d775ede15dc84dd8b774063 av_three_fifth  avia-builder-el-4  el_after_av_one_full  el_before_av_two_fifth  first flex_column_div av-zero-column-padding column-top-margin'     id=\"roomdesc\"  ><section  class='av_textblock_section av-kiei5oto-96aaaf94a3d5c644d08621c2404a2c64'  itemscope=\"itemscope\" itemtype=\"https:\/\/schema.org\/CreativeWork\" ><div class='avia_textblock'  itemprop=\"text\" ><p>Si vous aimez voyager avec votre animal de compagnie, sachez que les animaux bien \u00e9lev\u00e9s sont les bienvenus au Castelo Guest House, un h\u00e9bergement de charme situ\u00e9 sur la plage de Carvoeiro, en Algarve.<\/p>\n<p>Nous sommes \u00e0 quelques minutes de la magnifique Praia do Para\u00edso, dont l&rsquo;acc\u00e8s est autoris\u00e9 aux chiens, et \u00e0 proximit\u00e9 de sentiers sur la falaise, tr\u00e8s appr\u00e9ci\u00e9s des promeneurs de chiens.<\/p>\n<p>Pour une meilleure exp\u00e9rience &#8211; la v\u00f4tre et celle des autres clients &#8211; les animaux de compagnie ne doivent pas rester dans les espaces communs. Une chambre ne peut accueillir qu&rsquo;un seul animal de petite ou moyenne taille.<\/p>\n<p>Les propri\u00e9taires seront toujours responsables par des dommages caus\u00e9s et par leur bien-\u00eatre, alors assurez-vous d&rsquo;avoir tout dont vous avez besoin pour le confort de votre ami \u00e0 quatre pattes.<\/p>\n<p>Pour tous les animaux de compagnie de moins de 12 kg, il n&rsquo;y a pas de frais suppl\u00e9mentaires, tandis que pour les animaux de plus de 12 kg, des frais de 5 \u20ac par nuit sont appliqu\u00e9s. Vous pouvez choisir ces options, lorsque vous effectuez votre r\u00e9servation, en s\u00e9lectionnant l&rsquo;option relative aux animaux de compagnie au cours du processus. Nous sommes d\u00e9sol\u00e9s, mais nous avons des restrictions sur l&rsquo;acceptation des animaux de plus de 25 kg, donc, si c&rsquo;est le cas, vous devez nous consulter.<\/p>\n<p>Tous les clients voyageant avec des animaux de compagnie doivent r\u00e9server directement, en s\u00e9lectionnant l&rsquo;option \u00ab\u00a0Animaux de compagnie\u00a0\u00bb dans le syst\u00e8me de r\u00e9servation.<\/p>\n<p>N&rsquo;h\u00e9sitez pas \u00e0 nous contacter si vous avez d&rsquo;autres questions. Nous nous r\u00e9jouissons de vous accueillir bient\u00f4t, vous et votre compagnon \u00e0 quatre pattes !<\/p>\n<\/div><\/section><\/div>\n<style type=\"text\/css\" data-created_by=\"avia_inline_auto\" id=\"style-css-av-i9aa-e2e2deb0b4e30a8c5ad85110d622b1b1\">\n#top .flex_column.av-i9aa-e2e2deb0b4e30a8c5ad85110d622b1b1{\nmargin-top:0px;\nmargin-bottom:0px;\n}\n.flex_column.av-i9aa-e2e2deb0b4e30a8c5ad85110d622b1b1{\n-webkit-border-radius:0px 0px 0px 0px;\n-moz-border-radius:0px 0px 0px 0px;\nborder-radius:0px 0px 0px 0px;\npadding:0px 0px 0px 0px;\n}\n.responsive #top #wrap_all .flex_column.av-i9aa-e2e2deb0b4e30a8c5ad85110d622b1b1{\nmargin-top:0px;\nmargin-bottom:0px;\n}\n<\/style>\n<div class='flex_column av-i9aa-e2e2deb0b4e30a8c5ad85110d622b1b1 av_two_fifth  avia-builder-el-6  el_after_av_three_fifth  avia-builder-el-last  flex_column_div av-zero-column-padding column-top-margin'     id=\"availabilitybox\"  ><\/div><\/div><\/div><\/div><!-- close content main div --><\/div><\/div>\n<style type=\"text\/css\" data-created_by=\"avia_inline_auto\" id=\"style-css-av-kkmdntoo-1d93f328b852787ac3f00cfd4df9ab09\">\n.avia-section.av-kkmdntoo-1d93f328b852787ac3f00cfd4df9ab09{\nbackground-repeat:no-repeat;\nbackground-image:url(https:\/\/ocastelo.net\/wp-content\/uploads\/2021\/02\/O-Castelo-Guesthouse-R-5-DSVT-011.jpg);\nbackground-position:50% 50%;\nbackground-attachment:scroll;\n}\n.avia-section.av-kkmdntoo-1d93f328b852787ac3f00cfd4df9ab09 .av-section-color-overlay{\nopacity:0.5;\nbackground-color:#0a0a0a;\n}\n<\/style>\n<div id='av_section_2'  class='avia-section av-kkmdntoo-1d93f328b852787ac3f00cfd4df9ab09 main_color avia-section-default avia-no-border-styling  avia-builder-el-7  el_after_av_section  avia-builder-el-last  avia-full-stretch avia-bg-style-scroll av-section-color-overlay-active av-minimum-height av-minimum-height-50  container_wrap fullsize'  data-section-bg-repeat='stretch' data-av_minimum_height_pc='50'><div class=\"av-section-color-overlay-wrap\"><div class=\"av-section-color-overlay\"><\/div><div class='container av-section-cont-open' ><div class='template-page content  av-content-full alpha units'><div class='post-entry post-entry-type-page post-entry-1597'><div class='entry-content-wrapper clearfix'>\n\n<style type=\"text\/css\" data-created_by=\"avia_inline_auto\" id=\"style-css-av-kiei5oto-f0cbd4d834236d07dbaf26a24ef1b8f6\">\n#top .av_textblock_section.av-kiei5oto-f0cbd4d834236d07dbaf26a24ef1b8f6 .avia_textblock{\ncolor:#ffffff;\n}\n<\/style>\n<section  class='av_textblock_section av-kiei5oto-f0cbd4d834236d07dbaf26a24ef1b8f6'  itemscope=\"itemscope\" itemtype=\"https:\/\/schema.org\/CreativeWork\" ><div class='avia_textblock av_inherit_color'  itemprop=\"text\" ><h2 style=\"text-align: center;\">Trouver votre <strong>Chambre parfaite<\/strong><\/h2>\n<\/div><\/section>\n<div  class='avia-buttonrow-wrap av-kkmdr8v2-8ec4bd1b2814918bcabaab454106c526 avia-buttonrow-center  avia-builder-el-9  el_after_av_textblock  avia-builder-el-last '>\n\n<style type=\"text\/css\" data-created_by=\"avia_inline_auto\" id=\"style-css-av-fhsdh-281e6ebda58d763feb68a001c907a6a9\">\n#top #wrap_all .avia-button.av-fhsdh-281e6ebda58d763feb68a001c907a6a9{\nmargin-bottom:5px;\nmargin-right:3px;\nmargin-left:3px;\n}\n<\/style>\n<a href='https:\/\/ocastelo.net\/en\/hotel-rooms\/'  class='avia-button av-fhsdh-281e6ebda58d763feb68a001c907a6a9 avia-icon_select-yes-right-icon avia-size-medium avia-color-light'  ><span class='avia_iconbox_title' >Voir tous les types de chambres<\/span><span class='avia_button_icon avia_button_icon_right' aria-hidden='true' data-av_icon='\ue879' data-av_iconfont='entypo-fontello'><\/span><\/a>\n\n<style type=\"text\/css\" data-created_by=\"avia_inline_auto\" id=\"style-css-av-bv5fx-0ac47c32e6d24de597248ba521e81d0d\">\n#top #wrap_all .avia-button.av-bv5fx-0ac47c32e6d24de597248ba521e81d0d{\nmargin-bottom:5px;\nmargin-right:3px;\nmargin-left:3px;\n}\n<\/style>\n<a href='https:\/\/booking.roomraccoon.pt\/casteloguesthouse\/fr\/' class='avia-button av-bv5fx-0ac47c32e6d24de597248ba521e81d0d avia-icon_select-yes-right-icon avia-size-medium avia-color-light' target=\"_blank\" rel=\"noopener noreferrer\"><span class='avia_iconbox_title' >Reserve maintenant<\/span><span class='avia_button_icon avia_button_icon_right' aria-hidden='true' data-av_icon='\ue879' data-av_iconfont='entypo-fontello'><\/span><\/a>\n<\/div>\n<\/p>\n","protected":false},"excerpt":{"rendered":"","protected":false},"author":1,"featured_media":1252,"parent":0,"menu_order":0,"comment_status":"closed","ping_status":"closed","template":"","meta":{"footnotes":""},"class_list":["post-1597","page","type-page","status-publish","has-post-thumbnail","hentry"],"yoast_head":"<!-- This site is optimized with the Yoast SEO plugin v27.5 - https:\/\/yoast.com\/product\/yoast-seo-wordpress\/ -->\n<title>H\u00f4tel qui accepte les chiens en Algarve, Carvoeiro pour les animaux de compagnie - O Castelo Guest House<\/title>\n<meta name=\"description\" content=\"L&#039;O Castelo Guest House est un h\u00f4tel accueillant les animaux domestiques et les chiens en Algarve, situ\u00e9 \u00e0 Carvoeiro, \u00e0 quelques secondes de la magnifique plage.\" \/>\n<meta name=\"robots\" content=\"index, follow, max-snippet:-1, max-image-preview:large, max-video-preview:-1\" \/>\n<link rel=\"canonical\" href=\"https:\/\/ocastelo.net\/fr\/hotel-qui-accepte-les-chiens-en-algarve-carvoeiro-pour-les-animaux-de-compagnie\/\" \/>\n<meta property=\"og:locale\" content=\"fr_FR\" \/>\n<meta property=\"og:type\" content=\"article\" \/>\n<meta property=\"og:title\" content=\"H\u00f4tel qui accepte les chiens en Algarve, Carvoeiro pour les animaux de compagnie - O Castelo Guest House\" \/>\n<meta property=\"og:description\" content=\"L&#039;O Castelo Guest House est un h\u00f4tel accueillant les animaux domestiques et les chiens en Algarve, situ\u00e9 \u00e0 Carvoeiro, \u00e0 quelques secondes de la magnifique plage.\" \/>\n<meta property=\"og:url\" content=\"https:\/\/ocastelo.net\/fr\/hotel-qui-accepte-les-chiens-en-algarve-carvoeiro-pour-les-animaux-de-compagnie\/\" \/>\n<meta property=\"og:site_name\" content=\"O Castelo Guest House\" \/>\n<meta property=\"article:modified_time\" content=\"2021-09-25T13:48:46+00:00\" \/>\n<meta property=\"og:image\" content=\"https:\/\/ocastelo.net\/wp-content\/uploads\/2021\/02\/O-Castelo-Guest-House-Room9-M.jpg\" \/>\n\t<meta property=\"og:image:width\" content=\"1030\" \/>\n\t<meta property=\"og:image:height\" content=\"687\" \/>\n\t<meta property=\"og:image:type\" content=\"image\/jpeg\" \/>\n<meta name=\"twitter:card\" content=\"summary_large_image\" \/>\n<meta name=\"twitter:label1\" content=\"Dur\u00e9e de lecture estim\u00e9e\" \/>\n\t<meta name=\"twitter:data1\" content=\"7 minutes\" \/>\n<script type=\"application\/ld+json\" class=\"yoast-schema-graph\">{\"@context\":\"https:\\\/\\\/schema.org\",\"@graph\":[{\"@type\":\"WebPage\",\"@id\":\"https:\\\/\\\/ocastelo.net\\\/fr\\\/hotel-qui-accepte-les-chiens-en-algarve-carvoeiro-pour-les-animaux-de-compagnie\\\/\",\"url\":\"https:\\\/\\\/ocastelo.net\\\/fr\\\/hotel-qui-accepte-les-chiens-en-algarve-carvoeiro-pour-les-animaux-de-compagnie\\\/\",\"name\":\"H\u00f4tel qui accepte les chiens en Algarve, Carvoeiro pour les animaux de compagnie - O Castelo Guest House\",\"isPartOf\":{\"@id\":\"https:\\\/\\\/ocastelo.net\\\/fr\\\/#website\"},\"primaryImageOfPage\":{\"@id\":\"https:\\\/\\\/ocastelo.net\\\/fr\\\/hotel-qui-accepte-les-chiens-en-algarve-carvoeiro-pour-les-animaux-de-compagnie\\\/#primaryimage\"},\"image\":{\"@id\":\"https:\\\/\\\/ocastelo.net\\\/fr\\\/hotel-qui-accepte-les-chiens-en-algarve-carvoeiro-pour-les-animaux-de-compagnie\\\/#primaryimage\"},\"thumbnailUrl\":\"https:\\\/\\\/ocastelo.net\\\/wp-content\\\/uploads\\\/2021\\\/02\\\/O-Castelo-Guest-House-Room9-M.jpg\",\"datePublished\":\"2021-02-26T14:53:28+00:00\",\"dateModified\":\"2021-09-25T13:48:46+00:00\",\"description\":\"L'O Castelo Guest House est un h\u00f4tel accueillant les animaux domestiques et les chiens en Algarve, situ\u00e9 \u00e0 Carvoeiro, \u00e0 quelques secondes de la magnifique plage.\",\"breadcrumb\":{\"@id\":\"https:\\\/\\\/ocastelo.net\\\/fr\\\/hotel-qui-accepte-les-chiens-en-algarve-carvoeiro-pour-les-animaux-de-compagnie\\\/#breadcrumb\"},\"inLanguage\":\"fr-FR\",\"potentialAction\":[{\"@type\":\"ReadAction\",\"target\":[\"https:\\\/\\\/ocastelo.net\\\/fr\\\/hotel-qui-accepte-les-chiens-en-algarve-carvoeiro-pour-les-animaux-de-compagnie\\\/\"]}]},{\"@type\":\"ImageObject\",\"inLanguage\":\"fr-FR\",\"@id\":\"https:\\\/\\\/ocastelo.net\\\/fr\\\/hotel-qui-accepte-les-chiens-en-algarve-carvoeiro-pour-les-animaux-de-compagnie\\\/#primaryimage\",\"url\":\"https:\\\/\\\/ocastelo.net\\\/wp-content\\\/uploads\\\/2021\\\/02\\\/O-Castelo-Guest-House-Room9-M.jpg\",\"contentUrl\":\"https:\\\/\\\/ocastelo.net\\\/wp-content\\\/uploads\\\/2021\\\/02\\\/O-Castelo-Guest-House-Room9-M.jpg\",\"width\":1030,\"height\":687},{\"@type\":\"BreadcrumbList\",\"@id\":\"https:\\\/\\\/ocastelo.net\\\/fr\\\/hotel-qui-accepte-les-chiens-en-algarve-carvoeiro-pour-les-animaux-de-compagnie\\\/#breadcrumb\",\"itemListElement\":[{\"@type\":\"ListItem\",\"position\":1,\"name\":\"Home\",\"item\":\"https:\\\/\\\/ocastelo.net\\\/fr\\\/\"},{\"@type\":\"ListItem\",\"position\":2,\"name\":\"H\u00f4tel qui accepte les chiens en Algarve, Carvoeiro pour les animaux de compagnie\"}]},{\"@type\":\"WebSite\",\"@id\":\"https:\\\/\\\/ocastelo.net\\\/fr\\\/#website\",\"url\":\"https:\\\/\\\/ocastelo.net\\\/fr\\\/\",\"name\":\"O Castelo Guest House\",\"description\":\"Boutique B&amp;B overlooking Carvoeiro Beach, Algarve, Portugal\",\"potentialAction\":[{\"@type\":\"SearchAction\",\"target\":{\"@type\":\"EntryPoint\",\"urlTemplate\":\"https:\\\/\\\/ocastelo.net\\\/fr\\\/?s={search_term_string}\"},\"query-input\":{\"@type\":\"PropertyValueSpecification\",\"valueRequired\":true,\"valueName\":\"search_term_string\"}}],\"inLanguage\":\"fr-FR\"}]}<\/script>\n<!-- \/ Yoast SEO plugin. -->","yoast_head_json":{"title":"H\u00f4tel qui accepte les chiens en Algarve, Carvoeiro pour les animaux de compagnie - O Castelo Guest House","description":"L'O Castelo Guest House est un h\u00f4tel accueillant les animaux domestiques et les chiens en Algarve, situ\u00e9 \u00e0 Carvoeiro, \u00e0 quelques secondes de la magnifique plage.","robots":{"index":"index","follow":"follow","max-snippet":"max-snippet:-1","max-image-preview":"max-image-preview:large","max-video-preview":"max-video-preview:-1"},"canonical":"https:\/\/ocastelo.net\/fr\/hotel-qui-accepte-les-chiens-en-algarve-carvoeiro-pour-les-animaux-de-compagnie\/","og_locale":"fr_FR","og_type":"article","og_title":"H\u00f4tel qui accepte les chiens en Algarve, Carvoeiro pour les animaux de compagnie - O Castelo Guest House","og_description":"L'O Castelo Guest House est un h\u00f4tel accueillant les animaux domestiques et les chiens en Algarve, situ\u00e9 \u00e0 Carvoeiro, \u00e0 quelques secondes de la magnifique plage.","og_url":"https:\/\/ocastelo.net\/fr\/hotel-qui-accepte-les-chiens-en-algarve-carvoeiro-pour-les-animaux-de-compagnie\/","og_site_name":"O Castelo Guest House","article_modified_time":"2021-09-25T13:48:46+00:00","og_image":[{"width":1030,"height":687,"url":"https:\/\/ocastelo.net\/wp-content\/uploads\/2021\/02\/O-Castelo-Guest-House-Room9-M.jpg","type":"image\/jpeg"}],"twitter_card":"summary_large_image","twitter_misc":{"Dur\u00e9e de lecture estim\u00e9e":"7 minutes"},"schema":{"@context":"https:\/\/schema.org","@graph":[{"@type":"WebPage","@id":"https:\/\/ocastelo.net\/fr\/hotel-qui-accepte-les-chiens-en-algarve-carvoeiro-pour-les-animaux-de-compagnie\/","url":"https:\/\/ocastelo.net\/fr\/hotel-qui-accepte-les-chiens-en-algarve-carvoeiro-pour-les-animaux-de-compagnie\/","name":"H\u00f4tel qui accepte les chiens en Algarve, Carvoeiro pour les animaux de compagnie - O Castelo Guest House","isPartOf":{"@id":"https:\/\/ocastelo.net\/fr\/#website"},"primaryImageOfPage":{"@id":"https:\/\/ocastelo.net\/fr\/hotel-qui-accepte-les-chiens-en-algarve-carvoeiro-pour-les-animaux-de-compagnie\/#primaryimage"},"image":{"@id":"https:\/\/ocastelo.net\/fr\/hotel-qui-accepte-les-chiens-en-algarve-carvoeiro-pour-les-animaux-de-compagnie\/#primaryimage"},"thumbnailUrl":"https:\/\/ocastelo.net\/wp-content\/uploads\/2021\/02\/O-Castelo-Guest-House-Room9-M.jpg","datePublished":"2021-02-26T14:53:28+00:00","dateModified":"2021-09-25T13:48:46+00:00","description":"L'O Castelo Guest House est un h\u00f4tel accueillant les animaux domestiques et les chiens en Algarve, situ\u00e9 \u00e0 Carvoeiro, \u00e0 quelques secondes de la magnifique plage.","breadcrumb":{"@id":"https:\/\/ocastelo.net\/fr\/hotel-qui-accepte-les-chiens-en-algarve-carvoeiro-pour-les-animaux-de-compagnie\/#breadcrumb"},"inLanguage":"fr-FR","potentialAction":[{"@type":"ReadAction","target":["https:\/\/ocastelo.net\/fr\/hotel-qui-accepte-les-chiens-en-algarve-carvoeiro-pour-les-animaux-de-compagnie\/"]}]},{"@type":"ImageObject","inLanguage":"fr-FR","@id":"https:\/\/ocastelo.net\/fr\/hotel-qui-accepte-les-chiens-en-algarve-carvoeiro-pour-les-animaux-de-compagnie\/#primaryimage","url":"https:\/\/ocastelo.net\/wp-content\/uploads\/2021\/02\/O-Castelo-Guest-House-Room9-M.jpg","contentUrl":"https:\/\/ocastelo.net\/wp-content\/uploads\/2021\/02\/O-Castelo-Guest-House-Room9-M.jpg","width":1030,"height":687},{"@type":"BreadcrumbList","@id":"https:\/\/ocastelo.net\/fr\/hotel-qui-accepte-les-chiens-en-algarve-carvoeiro-pour-les-animaux-de-compagnie\/#breadcrumb","itemListElement":[{"@type":"ListItem","position":1,"name":"Home","item":"https:\/\/ocastelo.net\/fr\/"},{"@type":"ListItem","position":2,"name":"H\u00f4tel qui accepte les chiens en Algarve, Carvoeiro pour les animaux de compagnie"}]},{"@type":"WebSite","@id":"https:\/\/ocastelo.net\/fr\/#website","url":"https:\/\/ocastelo.net\/fr\/","name":"O Castelo Guest House","description":"Boutique B&amp;B overlooking Carvoeiro Beach, Algarve, Portugal","potentialAction":[{"@type":"SearchAction","target":{"@type":"EntryPoint","urlTemplate":"https:\/\/ocastelo.net\/fr\/?s={search_term_string}"},"query-input":{"@type":"PropertyValueSpecification","valueRequired":true,"valueName":"search_term_string"}}],"inLanguage":"fr-FR"}]}},"_links":{"self":[{"href":"https:\/\/ocastelo.net\/fr\/wp-json\/wp\/v2\/pages\/1597","targetHints":{"allow":["GET"]}}],"collection":[{"href":"https:\/\/ocastelo.net\/fr\/wp-json\/wp\/v2\/pages"}],"about":[{"href":"https:\/\/ocastelo.net\/fr\/wp-json\/wp\/v2\/types\/page"}],"author":[{"embeddable":true,"href":"https:\/\/ocastelo.net\/fr\/wp-json\/wp\/v2\/users\/1"}],"replies":[{"embeddable":true,"href":"https:\/\/ocastelo.net\/fr\/wp-json\/wp\/v2\/comments?post=1597"}],"version-history":[{"count":4,"href":"https:\/\/ocastelo.net\/fr\/wp-json\/wp\/v2\/pages\/1597\/revisions"}],"predecessor-version":[{"id":2811,"href":"https:\/\/ocastelo.net\/fr\/wp-json\/wp\/v2\/pages\/1597\/revisions\/2811"}],"wp:featuredmedia":[{"embeddable":true,"href":"https:\/\/ocastelo.net\/fr\/wp-json\/wp\/v2\/media\/1252"}],"wp:attachment":[{"href":"https:\/\/ocastelo.net\/fr\/wp-json\/wp\/v2\/media?parent=1597"}],"curies":[{"name":"wp","href":"https:\/\/api.w.org\/{rel}","templated":true}]}}